{"id":3708,"date":"2024-05-06T08:32:50","date_gmt":"2024-05-06T06:32:50","guid":{"rendered":"https:\/\/conapi.at\/gravitee-api-verwaltung\/"},"modified":"2025-07-16T10:22:30","modified_gmt":"2025-07-16T08:22:30","slug":"gravitee-api-verwaltung","status":"publish","type":"page","link":"https:\/\/conapi.at\/de\/gravitee-api-verwaltung\/","title":{"rendered":"Gravitee &#8211; API Verwaltung"},"content":{"rendered":"\n<blockquote class=\"wp-block-quote is-layout-flow wp-block-quote-is-layout-flow\">\n<p>Sch\u00f6pfen Sie das volle Potenzial ereignisgesteuerter Architekturen mit Gravitee event-native API management aus.<\/p>\n<\/blockquote>\n\n<h1 class=\"wp-block-heading\">Zertifizierter Gravitee-Partner &#8211; API Management-L\u00f6sungen<\/h1>\n\n<p>Als zertifizierter Gravitee-Partner liefert conapi unternehmenstaugliche API Verwaltungsl\u00f6sungen, die traditionelle Systeme mit modernen, ereignisgesteuerten Architekturen verbinden. Wir haben uns auf Gravitee-Implementierungen spezialisiert, die Unternehmen dabei helfen, das volle Potenzial ihrer APIs auszusch\u00f6pfen und gleichzeitig Sicherheit und Skalierbarkeit zu gew\u00e4hrleisten. <\/p>\n\n<p>Dank unserer <a href=\"https:\/\/www.gravitee.io\/partners\">zertifizierten Partnerschaft mit Gravitee<\/a> k\u00f6nnen wir Ihnen ein umfassendes API Lifecycle Management bieten, von der anf\u00e4nglichen Strategie bis zur laufenden Optimierung. Ganz gleich, ob Sie Altsysteme modernisieren oder neue API-first-Architekturen aufbauen, wir verf\u00fcgen \u00fcber das n\u00f6tige Fachwissen, um Ihnen einen nahtlosen \u00dcbergang zu erm\u00f6glichen. <\/p>\n\n<h2 class=\"wp-block-heading\">Warum Sie conapi als Ihren Gravitee API Management-Partner w\u00e4hlen sollten<\/h2>\n\n<p><strong>Tiefgreifende Integrationsexpertise<\/strong><br\/>Mit \u00fcber 20 Jahren Erfahrung in der Systemintegration verstehen wir die Komplexit\u00e4t der Verbindung verschiedener Unternehmenssysteme. Unser Team wei\u00df, wie man Gravitee-L\u00f6sungen implementiert, die mit Ihrer bestehenden Infrastruktur zusammenarbeiten. <\/p>\n\n<p><strong>Event-Native Fokus<\/strong><br\/>Wir haben uns auf den einzigartigen Event-Native-Ansatz von Gravitee f\u00fcr die Verwaltung von API spezialisiert und helfen Unternehmen, sowohl synchrone als auch asynchrone APIs \u00fcber eine einzige Plattform zu verwalten.<\/p>\n\n<p><strong>Managed Service Excellence<\/strong><br\/>Unser Vorzeigeangebot, <a href=\"https:\/\/conapi.at\/de\/entdecken-sie-the-api-box-muehelose-api-verwaltung\/\">The API Box<\/a>zeigt, dass wir in der Lage sind, vollst\u00e4ndig verwaltete Gravitee-L\u00f6sungen zu liefern, die die technische Komplexit\u00e4t f\u00fcr unsere Kunden beseitigen.<\/p>\n\n<p><strong>Internationale Reichweite<\/strong><br\/>Von \u00d6sterreich aus betreuen wir Kunden auf der ganzen Welt und bieten Gravitee-Expertise in verschiedenen M\u00e4rkten und regulatorischen Umgebungen.<\/p>\n\n<div style=\"height:100px\" aria-hidden=\"true\" class=\"wp-block-spacer\"><\/div>\n\n<h2 class=\"wp-block-heading has-text-align-center hestia-title\">Was Kunden \u00fcber unsere Expertise sagen<\/h2>\n\n<div class=\"wp-block-group gradient-slider-group\"><div class=\"wp-block-group__inner-container is-layout-constrained wp-block-group-is-layout-constrained\">\n<div class=\"wp-block-group gradient-slider-container boxed\"><div class=\"wp-block-group__inner-container is-layout-constrained wp-block-group-is-layout-constrained\">\n<div class=\"wp-block-getwid-content-slider has-arrows-none has-dots-inside\" data-autoplay=\"true\" data-autoplay-speed=\"5000\" data-infinite=\"true\" data-draggable=\"false\" data-pause-hover=\"true\" data-arrows=\"none\"><div class=\"wp-block-getwid-content-slider__wrapper\">\n<div class=\"wp-block-getwid-content-slider-slide\"><div class=\"wp-block-getwid-content-slider-slide__wrapper\">\n<blockquote class=\"wp-block-quote is-layout-flow wp-block-quote-is-layout-flow\">\n<p class=\"has-text-align-left\">Wir sind mit der Qualit\u00e4t der erbrachten Dienstleistungen \u00e4u\u00dferst zufrieden. Das Beratungsteam hat seine umfassende Kompetenz bei der Verwaltung und Implementierung von API Gateway unter Beweis gestellt. <\/p>\n<cite>Senior Systemarchitekt, Lufthansa Systems<\/cite><\/blockquote>\n<\/div><\/div>\n\n\n\n<div class=\"wp-block-getwid-content-slider-slide\"><div class=\"wp-block-getwid-content-slider-slide__wrapper\">\n<blockquote class=\"wp-block-quote is-layout-flow wp-block-quote-is-layout-flow\">\n<p class=\"has-text-align-left\">Die Stabilisierung unserer gesch\u00e4ftskritischen Integrationsschicht hat unsere digitalen Prozesse und Datenintegrationsf\u00e4higkeiten erheblich verbessert.<\/p>\n<cite>Leiter der Datenintegration, hagebau<\/cite><\/blockquote>\n<\/div><\/div>\n\n\n\n<div class=\"wp-block-getwid-content-slider-slide\"><div class=\"wp-block-getwid-content-slider-slide__wrapper\">\n<blockquote class=\"wp-block-quote is-layout-flow wp-block-quote-is-layout-flow\">\n<p class=\"has-text-align-left\">Integration ist eine solche Nischenkompetenz. Wir haben einen vertrauensw\u00fcrdigen, kompetenten Partner gefunden, der sich nahtlos in unsere Organisation einf\u00fcgt wie jeder andere Mitarbeiter. <\/p>\n<cite>CTO, Tinka<\/cite><\/blockquote>\n<\/div><\/div>\n\n\n\n<div class=\"wp-block-getwid-content-slider-slide\"><div class=\"wp-block-getwid-content-slider-slide__wrapper\">\n<blockquote class=\"wp-block-quote is-layout-flow wp-block-quote-is-layout-flow\">\n<p class=\"has-text-align-left\">Sie verf\u00fcgen \u00fcber fundiertes technisches Fachwissen und gehen auf unsere Anforderungen ein, was sich in wertvollen Ratschl\u00e4gen f\u00fcr unsere Messaging-L\u00f6sung niederschl\u00e4gt.<\/p>\n<cite>Software-Architekt, kanadischer Krankenversicherungsanbieter<\/cite><\/blockquote>\n<\/div><\/div>\n\n\n\n<div class=\"wp-block-getwid-content-slider-slide\"><div class=\"wp-block-getwid-content-slider-slide__wrapper\">\n<blockquote class=\"wp-block-quote is-layout-flow wp-block-quote-is-layout-flow\">\n<p class=\"has-text-align-left\">Ein sehr professionelles Unternehmen. Ehrlich und aufrichtig. Sie waren gr\u00fcndlich in ihrer Arbeit und haben sich an die Vorgaben gehalten.  <\/p>\n<cite>AVP IT, US Versicherungsgesellschaft<\/cite><\/blockquote>\n<\/div><\/div>\n\n\n\n<div class=\"wp-block-getwid-content-slider-slide\"><div class=\"wp-block-getwid-content-slider-slide__wrapper\">\n<blockquote class=\"wp-block-quote is-layout-flow wp-block-quote-is-layout-flow\">\n<p class=\"has-text-align-left\">Es hat mir sehr viel Spa\u00df gemacht, mit conapi zusammenzuarbeiten. Sie sind nicht nur professionell und schnell, sondern auch unglaublich detailorientiert, was mir die Arbeit erleichtert und den Prozess reibungslos gemacht hat. Ihre Reaktionsschnelligkeit und Sorgfalt bei jeder Interaktion stachen hervor und schafften viel Vertrauen. <\/p>\n<cite>Direktor &#8211; Technischer Betrieb, Hedgeserv<\/cite><\/blockquote>\n<\/div><\/div>\n<\/div><\/div>\n<\/div><\/div>\n<\/div><\/div>\n\n<div style=\"height:100px\" aria-hidden=\"true\" class=\"wp-block-spacer\"><\/div>\n\n<h2 class=\"wp-block-heading\">Unsere Gravitee Dienstleistungen &amp; Expertise<\/h2>\n\n<h3 class=\"wp-block-heading\">Gravitee Beratung &amp; Implementierung<\/h3>\n\n<p>Komplette Plattformbewertung, Architekturdesign und Implementierungsservices. Wir helfen Ihnen: <\/p>\n\n<ul class=\"wp-block-list\">\n<li>Bewerten Sie die aktuelle Integrationslandschaft<\/li>\n\n\n\n<li>Entwerfen Sie eine API-first Transformations-Roadmap<\/li>\n\n\n\n<li>Implementieren Sie Gravitee in hybriden und Multi-Cloud-Umgebungen<\/li>\n\n\n\n<li>Integration in bestehende Identit\u00e4tsmanagement- und Sicherheitssysteme<\/li>\n<\/ul>\n\n<h3 class=\"wp-block-heading\">Verwaltete API Dienstleistungen<\/h3>\n\n<p>Entlasten Sie sich von der operativen Last der API Verwaltung mit unserem vollst\u00e4ndig verwalteten Ansatz:<\/p>\n\n<ul class=\"wp-block-list\">\n<li>24\/7 \u00dcberwachung und Wartung der Plattform<\/li>\n\n\n\n<li>Proaktive Sicherheitsupdates und Optimierung<\/li>\n\n\n\n<li>Skalierbares Infrastruktur-Management<\/li>\n\n\n\n<li>Fachkundige Unterst\u00fctzung durch unser engagiertes Team<\/li>\n<\/ul>\n\n<h3 class=\"wp-block-heading\">Cloud-Migration und -Modernisierung<\/h3>\n\n<p>Reibungslose \u00dcberg\u00e4nge von veralteten Integrationsans\u00e4tzen zu modernen API Architekturen:<\/p>\n\n<ul class=\"wp-block-list\">\n<li>ESB zu API gateway migriert<\/li>\n\n\n\n<li>Implementierung einer ereignisgesteuerten Architektur<\/li>\n\n\n\n<li>Altsystem API Bef\u00e4higung<\/li>\n\n\n\n<li>Kafka-Integration mit den ereignisbasierten Funktionen von Gravitee<\/li>\n<\/ul>\n\n<h2 class=\"wp-block-heading\">Vorteile der Gravitee-Partnerschaft f\u00fcr Ihr Unternehmen<\/h2>\n\n<p><strong>Plattform f\u00fcr Unternehmen<\/strong><br\/>Die Anerkennung von Gravitee als f\u00fchrendes Unternehmen im Magic Quadrant von Gartner f\u00fcr <a href=\"https:\/\/conapi.at\/de\/entdecken-sie-the-api-box-muehelose-api-verwaltung\/\">API Management <\/a>stellt sicher, dass Sie in eine bew\u00e4hrte Technologie investieren.<\/p>\n\n<p><strong>Event-Native Advantage<\/strong><br\/>Im Gegensatz zu herk\u00f6mmlichen API Management-Tools unterst\u00fctzt Gravitee nativ ereignisgesteuerte Architekturen und ist damit ideal f\u00fcr moderne Microservices und IoT-Implementierungen.<\/p>\n\n<p><strong>Flexible Bereitstellungsoptionen<\/strong><br\/>Stellen Sie die L\u00f6sung vor Ort, in der Cloud oder als Hybridl\u00f6sung bereit, die Ihre spezifischen Anforderungen an Compliance und Leistung erf\u00fcllt.<\/p>\n\n<p><strong>Einheitliche Verwaltung<\/strong><br\/>Verwalten Sie alle Ihre APIs &#8211; REST, GraphQL, ereignisgesteuerte und Drittanbieter-APIs &#8211; \u00fcber eine einzige Plattform mit umfassenden Governance-Funktionen.<\/p>\n<div class=\"wp-block-image\">\n<figure class=\"aligncenter size-large is-resized\" style=\"margin-top:var(--wp--preset--spacing--70);margin-bottom:var(--wp--preset--spacing--70)\"><a href=\"https:\/\/theapibox.io\"><img loading=\"lazy\" decoding=\"async\" width=\"1024\" height=\"1024\" src=\"https:\/\/conapi.at\/wp-content\/uploads\/2024\/12\/box-tape-lowres-1024x1024.jpg\" alt=\"\" class=\"wp-image-1700\" style=\"width:600px\" srcset=\"https:\/\/conapi.at\/wp-content\/uploads\/2024\/12\/box-tape-lowres-1024x1024.jpg 1024w, https:\/\/conapi.at\/wp-content\/uploads\/2024\/12\/box-tape-lowres-300x300.jpg 300w, https:\/\/conapi.at\/wp-content\/uploads\/2024\/12\/box-tape-lowres-150x150.jpg 150w, https:\/\/conapi.at\/wp-content\/uploads\/2024\/12\/box-tape-lowres-768x768.jpg 768w, https:\/\/conapi.at\/wp-content\/uploads\/2024\/12\/box-tape-lowres-1536x1536.jpg 1536w, https:\/\/conapi.at\/wp-content\/uploads\/2024\/12\/box-tape-lowres-2048x2048.jpg 2048w\" sizes=\"auto, (max-width: 1024px) 100vw, 1024px\" \/><\/a><\/figure>\n<\/div>\n<h2 class=\"wp-block-heading\">Sind Sie bereit, Ihre API Strategie zu \u00e4ndern?<\/h2>\n\n<p>Unsere zertifizierte Gravitee-Partnerschaft stellt sicher, dass Sie w\u00e4hrend Ihrer gesamten API -Verwaltungsreise fachkundige Unterst\u00fctzung erhalten. Von der ersten Beratung bis zur laufenden Optimierung helfen wir Ihnen, den Wert Ihrer API Investitionen zu maximieren. <\/p>\n\n<p>F\u00fcr Unternehmen, die eine schl\u00fcsselfertige L\u00f6sung suchen, <a href=\"https:\/\/conapi.at\/de\/entdecken-sie-the-api-box-muehelose-api-verwaltung\/\">The API Box<\/a> bietet Gravitee-Funktionen auf Unternehmensniveau ohne technischen Aufwand.<\/p>\n\n<p><strong>Nehmen Sie noch heute Kontakt mit uns<\/strong> auf, um zu besprechen, wie unsere Gravitee-Expertise Ihre API Transformation beschleunigen kann.  <\/p>\n\n<p class=\"has-text-align-center\"><\/p>\n\n<div style=\"height:100px\" aria-hidden=\"true\" class=\"wp-block-spacer\"><\/div>\n\n<div class=\"wp-block-group alignwide cta-container\"><div class=\"wp-block-group__inner-container is-layout-constrained wp-block-group-is-layout-constrained\">\n<h2 class=\"wp-block-heading has-text-align-center hestia-title\">Fordern Sie Ihre kostenlose API Bewertung an.<\/h2>\n\n\n\n<div class=\"wp-block-buttons is-content-justification-center is-layout-flex wp-container-core-buttons-is-layout-a89b3969 wp-block-buttons-is-layout-flex\">\n<div class=\"wp-block-button contactus-btn\"><a class=\"wp-block-button__link wp-element-button\" href=\"https:\/\/conapi.at\/#contact\">Kontaktieren Sie uns<\/a><\/div>\n<\/div>\n<\/div><\/div>\n","protected":false},"excerpt":{"rendered":"<p>Sch\u00f6pfen Sie das volle Potenzial ereignisgesteuerter Architekturen mit Gravitee event-native API management aus. Zertifizierter Gravitee-Partner &#8211; API Management-L\u00f6sungen Als zertifizierter Gravitee-Partner liefert conapi unternehmenstaugliche API Verwaltungsl\u00f6sungen, die traditionelle Systeme mit modernen, ereignisgesteuerten Architekturen verbinden. Wir haben uns auf Gravitee-Implementierungen spezialisiert, die Unternehmen dabei helfen, das volle Potenzial ihrer APIs auszusch\u00f6pfen [&hellip;]<\/p>\n","protected":false},"author":1,"featured_media":0,"parent":0,"menu_order":0,"comment_status":"closed","ping_status":"closed","template":"","meta":{"_monsterinsights_skip_tracking":false,"_monsterinsights_sitenote_active":false,"_monsterinsights_sitenote_note":"","_monsterinsights_sitenote_category":0,"_themeisle_gutenberg_block_has_review":false,"footnotes":""},"class_list":["post-3708","page","type-page","status-publish","hentry"],"yoast_head":"<!-- This site is optimized with the Yoast SEO plugin v27.4 - https:\/\/yoast.com\/product\/yoast-seo-wordpress\/ -->\n<title>Zertifizierter Gravitee-Partner - API Management Solutions | conapi<\/title>\n<meta name=\"description\" content=\"Zertifizierter Gravitee-Partner, spezialisiert auf ereignisorientiertes Management API. Kompetente Beratung, Implementierung und verwaltete Dienste f\u00fcr Unternehmensl\u00f6sungen API.\" \/>\n<meta name=\"robots\" content=\"index, follow, max-snippet:-1, max-image-preview:large, max-video-preview:-1\" \/>\n<link rel=\"canonical\" href=\"https:\/\/conapi.at\/de\/gravitee-api-verwaltung\/\" \/>\n<meta property=\"og:locale\" content=\"de_DE\" \/>\n<meta property=\"og:type\" content=\"article\" \/>\n<meta property=\"og:title\" content=\"Zertifizierter Gravitee-Partner - API Management Solutions | conapi\" \/>\n<meta property=\"og:description\" content=\"Zertifizierter Gravitee-Partner, spezialisiert auf ereignisorientiertes Management API. Kompetente Beratung, Implementierung und verwaltete Dienste f\u00fcr Unternehmensl\u00f6sungen API.\" \/>\n<meta property=\"og:url\" content=\"https:\/\/conapi.at\/de\/gravitee-api-verwaltung\/\" \/>\n<meta property=\"og:site_name\" content=\"conapi GmbH\" \/>\n<meta property=\"article:modified_time\" content=\"2025-07-16T08:22:30+00:00\" \/>\n<meta property=\"og:image\" content=\"https:\/\/conapi.at\/wp-content\/uploads\/2024\/12\/box-tape-lowres.jpg\" \/>\n\t<meta property=\"og:image:width\" content=\"2560\" \/>\n\t<meta property=\"og:image:height\" content=\"2560\" \/>\n\t<meta property=\"og:image:type\" content=\"image\/jpeg\" \/>\n<meta name=\"twitter:card\" content=\"summary_large_image\" \/>\n<meta name=\"twitter:label1\" content=\"Gesch\u00e4tzte Lesezeit\" \/>\n\t<meta name=\"twitter:data1\" content=\"4\u00a0Minuten\" \/>\n<script type=\"application\/ld+json\" class=\"yoast-schema-graph\">{\"@context\":\"https:\\\/\\\/schema.org\",\"@graph\":[{\"@type\":\"WebPage\",\"@id\":\"https:\\\/\\\/conapi.at\\\/de\\\/gravitee-api-verwaltung\\\/\",\"url\":\"https:\\\/\\\/conapi.at\\\/de\\\/gravitee-api-verwaltung\\\/\",\"name\":\"Zertifizierter Gravitee-Partner - API Management Solutions | conapi\",\"isPartOf\":{\"@id\":\"https:\\\/\\\/conapi.at\\\/de\\\/#website\"},\"primaryImageOfPage\":{\"@id\":\"https:\\\/\\\/conapi.at\\\/de\\\/gravitee-api-verwaltung\\\/#primaryimage\"},\"image\":{\"@id\":\"https:\\\/\\\/conapi.at\\\/de\\\/gravitee-api-verwaltung\\\/#primaryimage\"},\"thumbnailUrl\":\"https:\\\/\\\/conapi.at\\\/wp-content\\\/uploads\\\/2024\\\/12\\\/box-tape-lowres-1024x1024.jpg\",\"datePublished\":\"2024-05-06T06:32:50+00:00\",\"dateModified\":\"2025-07-16T08:22:30+00:00\",\"description\":\"Zertifizierter Gravitee-Partner, spezialisiert auf ereignisorientiertes Management API. Kompetente Beratung, Implementierung und verwaltete Dienste f\u00fcr Unternehmensl\u00f6sungen API.\",\"breadcrumb\":{\"@id\":\"https:\\\/\\\/conapi.at\\\/de\\\/gravitee-api-verwaltung\\\/#breadcrumb\"},\"inLanguage\":\"de\",\"potentialAction\":[{\"@type\":\"ReadAction\",\"target\":[\"https:\\\/\\\/conapi.at\\\/de\\\/gravitee-api-verwaltung\\\/\"]}]},{\"@type\":\"ImageObject\",\"inLanguage\":\"de\",\"@id\":\"https:\\\/\\\/conapi.at\\\/de\\\/gravitee-api-verwaltung\\\/#primaryimage\",\"url\":\"https:\\\/\\\/conapi.at\\\/wp-content\\\/uploads\\\/2024\\\/12\\\/box-tape-lowres-1024x1024.jpg\",\"contentUrl\":\"https:\\\/\\\/conapi.at\\\/wp-content\\\/uploads\\\/2024\\\/12\\\/box-tape-lowres-1024x1024.jpg\"},{\"@type\":\"BreadcrumbList\",\"@id\":\"https:\\\/\\\/conapi.at\\\/de\\\/gravitee-api-verwaltung\\\/#breadcrumb\",\"itemListElement\":[{\"@type\":\"ListItem\",\"position\":1,\"name\":\"Home\",\"item\":\"https:\\\/\\\/conapi.at\\\/de\\\/\"},{\"@type\":\"ListItem\",\"position\":2,\"name\":\"Gravitee &#8211; API Verwaltung\"}]},{\"@type\":\"WebSite\",\"@id\":\"https:\\\/\\\/conapi.at\\\/de\\\/#website\",\"url\":\"https:\\\/\\\/conapi.at\\\/de\\\/\",\"name\":\"conapi GmbH\",\"description\":\"\",\"publisher\":{\"@id\":\"https:\\\/\\\/conapi.at\\\/de\\\/#organization\"},\"potentialAction\":[{\"@type\":\"SearchAction\",\"target\":{\"@type\":\"EntryPoint\",\"urlTemplate\":\"https:\\\/\\\/conapi.at\\\/de\\\/?s={search_term_string}\"},\"query-input\":{\"@type\":\"PropertyValueSpecification\",\"valueRequired\":true,\"valueName\":\"search_term_string\"}}],\"inLanguage\":\"de\"},{\"@type\":\"Organization\",\"@id\":\"https:\\\/\\\/conapi.at\\\/de\\\/#organization\",\"name\":\"conapi GmbH\",\"url\":\"https:\\\/\\\/conapi.at\\\/de\\\/\",\"logo\":{\"@type\":\"ImageObject\",\"inLanguage\":\"de\",\"@id\":\"https:\\\/\\\/conapi.at\\\/de\\\/#\\\/schema\\\/logo\\\/image\\\/\",\"url\":\"https:\\\/\\\/conapi.at\\\/wp-content\\\/uploads\\\/2024\\\/11\\\/500x500_dkpurple_lime.png\",\"contentUrl\":\"https:\\\/\\\/conapi.at\\\/wp-content\\\/uploads\\\/2024\\\/11\\\/500x500_dkpurple_lime.png\",\"width\":500,\"height\":500,\"caption\":\"conapi GmbH\"},\"image\":{\"@id\":\"https:\\\/\\\/conapi.at\\\/de\\\/#\\\/schema\\\/logo\\\/image\\\/\"},\"sameAs\":[\"https:\\\/\\\/www.linkedin.com\\\/company\\\/conapi-gmbh\"]}]}<\/script>\n<!-- \/ Yoast SEO plugin. -->","yoast_head_json":{"title":"Zertifizierter Gravitee-Partner - API Management Solutions | conapi","description":"Zertifizierter Gravitee-Partner, spezialisiert auf ereignisorientiertes Management API. Kompetente Beratung, Implementierung und verwaltete Dienste f\u00fcr Unternehmensl\u00f6sungen API.","robots":{"index":"index","follow":"follow","max-snippet":"max-snippet:-1","max-image-preview":"max-image-preview:large","max-video-preview":"max-video-preview:-1"},"canonical":"https:\/\/conapi.at\/de\/gravitee-api-verwaltung\/","og_locale":"de_DE","og_type":"article","og_title":"Zertifizierter Gravitee-Partner - API Management Solutions | conapi","og_description":"Zertifizierter Gravitee-Partner, spezialisiert auf ereignisorientiertes Management API. Kompetente Beratung, Implementierung und verwaltete Dienste f\u00fcr Unternehmensl\u00f6sungen API.","og_url":"https:\/\/conapi.at\/de\/gravitee-api-verwaltung\/","og_site_name":"conapi GmbH","article_modified_time":"2025-07-16T08:22:30+00:00","og_image":[{"width":2560,"height":2560,"url":"https:\/\/conapi.at\/wp-content\/uploads\/2024\/12\/box-tape-lowres.jpg","type":"image\/jpeg"}],"twitter_card":"summary_large_image","twitter_misc":{"Gesch\u00e4tzte Lesezeit":"4\u00a0Minuten"},"schema":{"@context":"https:\/\/schema.org","@graph":[{"@type":"WebPage","@id":"https:\/\/conapi.at\/de\/gravitee-api-verwaltung\/","url":"https:\/\/conapi.at\/de\/gravitee-api-verwaltung\/","name":"Zertifizierter Gravitee-Partner - API Management Solutions | conapi","isPartOf":{"@id":"https:\/\/conapi.at\/de\/#website"},"primaryImageOfPage":{"@id":"https:\/\/conapi.at\/de\/gravitee-api-verwaltung\/#primaryimage"},"image":{"@id":"https:\/\/conapi.at\/de\/gravitee-api-verwaltung\/#primaryimage"},"thumbnailUrl":"https:\/\/conapi.at\/wp-content\/uploads\/2024\/12\/box-tape-lowres-1024x1024.jpg","datePublished":"2024-05-06T06:32:50+00:00","dateModified":"2025-07-16T08:22:30+00:00","description":"Zertifizierter Gravitee-Partner, spezialisiert auf ereignisorientiertes Management API. Kompetente Beratung, Implementierung und verwaltete Dienste f\u00fcr Unternehmensl\u00f6sungen API.","breadcrumb":{"@id":"https:\/\/conapi.at\/de\/gravitee-api-verwaltung\/#breadcrumb"},"inLanguage":"de","potentialAction":[{"@type":"ReadAction","target":["https:\/\/conapi.at\/de\/gravitee-api-verwaltung\/"]}]},{"@type":"ImageObject","inLanguage":"de","@id":"https:\/\/conapi.at\/de\/gravitee-api-verwaltung\/#primaryimage","url":"https:\/\/conapi.at\/wp-content\/uploads\/2024\/12\/box-tape-lowres-1024x1024.jpg","contentUrl":"https:\/\/conapi.at\/wp-content\/uploads\/2024\/12\/box-tape-lowres-1024x1024.jpg"},{"@type":"BreadcrumbList","@id":"https:\/\/conapi.at\/de\/gravitee-api-verwaltung\/#breadcrumb","itemListElement":[{"@type":"ListItem","position":1,"name":"Home","item":"https:\/\/conapi.at\/de\/"},{"@type":"ListItem","position":2,"name":"Gravitee &#8211; API Verwaltung"}]},{"@type":"WebSite","@id":"https:\/\/conapi.at\/de\/#website","url":"https:\/\/conapi.at\/de\/","name":"conapi GmbH","description":"","publisher":{"@id":"https:\/\/conapi.at\/de\/#organization"},"potentialAction":[{"@type":"SearchAction","target":{"@type":"EntryPoint","urlTemplate":"https:\/\/conapi.at\/de\/?s={search_term_string}"},"query-input":{"@type":"PropertyValueSpecification","valueRequired":true,"valueName":"search_term_string"}}],"inLanguage":"de"},{"@type":"Organization","@id":"https:\/\/conapi.at\/de\/#organization","name":"conapi GmbH","url":"https:\/\/conapi.at\/de\/","logo":{"@type":"ImageObject","inLanguage":"de","@id":"https:\/\/conapi.at\/de\/#\/schema\/logo\/image\/","url":"https:\/\/conapi.at\/wp-content\/uploads\/2024\/11\/500x500_dkpurple_lime.png","contentUrl":"https:\/\/conapi.at\/wp-content\/uploads\/2024\/11\/500x500_dkpurple_lime.png","width":500,"height":500,"caption":"conapi GmbH"},"image":{"@id":"https:\/\/conapi.at\/de\/#\/schema\/logo\/image\/"},"sameAs":["https:\/\/www.linkedin.com\/company\/conapi-gmbh"]}]}},"yoast_meta":{"yoast_wpseo_title":"","yoast_wpseo_metadesc":"","yoast_wpseo_canonical":""},"_links":{"self":[{"href":"https:\/\/conapi.at\/de\/wp-json\/wp\/v2\/pages\/3708","targetHints":{"allow":["GET"]}}],"collection":[{"href":"https:\/\/conapi.at\/de\/wp-json\/wp\/v2\/pages"}],"about":[{"href":"https:\/\/conapi.at\/de\/wp-json\/wp\/v2\/types\/page"}],"author":[{"embeddable":true,"href":"https:\/\/conapi.at\/de\/wp-json\/wp\/v2\/users\/1"}],"replies":[{"embeddable":true,"href":"https:\/\/conapi.at\/de\/wp-json\/wp\/v2\/comments?post=3708"}],"version-history":[{"count":3,"href":"https:\/\/conapi.at\/de\/wp-json\/wp\/v2\/pages\/3708\/revisions"}],"predecessor-version":[{"id":3712,"href":"https:\/\/conapi.at\/de\/wp-json\/wp\/v2\/pages\/3708\/revisions\/3712"}],"wp:attachment":[{"href":"https:\/\/conapi.at\/de\/wp-json\/wp\/v2\/media?parent=3708"}],"curies":[{"name":"wp","href":"https:\/\/api.w.org\/{rel}","templated":true}]}}