{"id":3713,"date":"2023-01-31T07:25:51","date_gmt":"2023-01-31T06:25:51","guid":{"rendered":"https:\/\/conapi.at\/esb-cloud-migration-oder-upgrade-testen-ist-der-schluessel-zum-erfolg\/"},"modified":"2025-07-16T10:24:00","modified_gmt":"2025-07-16T08:24:00","slug":"esb-cloud-migration-oder-upgrade-testen-ist-der-schluessel-zum-erfolg","status":"publish","type":"page","link":"https:\/\/conapi.at\/de\/esb-cloud-migration-oder-upgrade-testen-ist-der-schluessel-zum-erfolg\/","title":{"rendered":"ESB Cloud-Migration oder Upgrade: Testen ist der Schl\u00fcssel zum Erfolg"},"content":{"rendered":"\n<p>Planen Sie, Ihre ESB Integrationsschicht in die Cloud zu migrieren? Oder planen Sie einfach ein Upgrade auf eine neue Version? Dann k\u00f6nnte dies das Richtige f\u00fcr Sie sein:  <\/p>\n\n<figure class=\"wp-block-video\"><video height=\"1080\" style=\"aspect-ratio: 1920 \/ 1080;\" width=\"1920\" controls=\"\" src=\"https:\/\/conapi.at\/wp-content\/uploads\/2023\/01\/conapi-esb-testing.mp4\"><\/video><\/figure>\n\n<p><\/p>\n\n<p><\/p>\n\n<p>Wenn ich mit Kunden \u00fcber dieses Thema spreche, bekomme ich oft Reaktionen wie diese:<\/p>\n\n<blockquote class=\"wp-block-quote is-layout-flow wp-block-quote-is-layout-flow\">\n<p><em>&#8222;Wie testen Sie Ihre Integrationsabl\u00e4ufe\/Prozesse?&#8220;<\/em><\/p>\n<\/blockquote>\n\n<div class=\"wp-block-group\"><div class=\"wp-block-group__inner-container is-layout-constrained wp-block-group-is-layout-constrained\">\n<blockquote class=\"wp-block-quote is-layout-flow wp-block-quote-is-layout-flow\">\n<p class=\"has-text-align-right\"><em>&#8222;Langweilig, konzentrieren wir uns auf die Umsetzung.&#8220;  <\/em><\/p>\n<\/blockquote>\n\n\n\n<blockquote class=\"wp-block-quote is-layout-flow wp-block-quote-is-layout-flow\">\n<p class=\"has-text-align-right\"><em>&#8222;Warum? Weil die angeschlossenen Systeme oft nicht verf\u00fcgbar sind&#8220;<\/em><\/p>\n<\/blockquote>\n\n\n\n<blockquote class=\"wp-block-quote is-layout-flow wp-block-quote-is-layout-flow\">\n<p class=\"has-text-align-right\"><em>&#8222;Wir haben bereits Dutzende von Integrationsstr\u00f6men, warum sollte ich jetzt damit anfangen?&#8220;<\/em><\/p>\n<\/blockquote>\n\n\n\n<blockquote class=\"wp-block-quote is-layout-flow wp-block-quote-is-layout-flow\">\n<p class=\"has-text-align-right\"><em>&#8222;ESB Prozesse sind veraltet, es lohnt sich nicht, in Tests zu investieren.<\/em><\/p>\n<\/blockquote>\n<\/div><\/div>\n\n<p><\/p>\n\n<p><\/p>\n\n<p>Um ehrlich zu sein, hatte ich eine \u00e4hnliche Denkweise, als ich meine Karriere begann. Aber ich habe meine Lektion gelernt.   <\/p>\n\n<p>Vor kurzem haben wir mehrere Upgrade- und Migrationsprojekte durchgef\u00fchrt. In den meisten F\u00e4llen gab es \u00fcberhaupt keine Tests, als wir anfingen. Einige Kunden wollten nicht in das Schreiben von Testf\u00e4llen f\u00fcr die bestehenden Integrationsabl\u00e4ufe investieren.    <\/p>\n\n<p class=\"has-text-align-center\"><em>&#8222;Was n\u00fctzt das, wenn Sie die L\u00f6sung bereits aktualisieren oder ersetzen? &#8222;<\/em><\/p>\n\n<p>Wie Sie sich vorstellen k\u00f6nnen, wurden wir zu Beginn der Projekte oft zur\u00fcckgewiesen, wenn es darum ging, Zeit und Ressourcen in Tests zu investieren. Vor allem, wenn es sich nicht um ein Upgrade, sondern um eine Migration handelte. Fr\u00fcher oder sp\u00e4ter konnten wir jedoch bei jedem Projekt die Vorteile erkennen.  <\/p>\n\n<p>Wenn Unternehmen in die Cloud wechseln oder einfach ein Upgrade auf eine neue Version durchf\u00fchren, ist das Testen der Anwendungsintegrationsschicht ein wichtiger Schritt im Migrationsprozess. Diese Schicht ist f\u00fcr die Integration von Anwendungen und Diensten verantwortlich, die in verschiedenen Umgebungen gehostet werden. Es ist wichtig, sicherzustellen, dass diese Komponenten wie erwartet miteinander kommunizieren. Um eine erfolgreiche Migration zu gew\u00e4hrleisten, m\u00fcssen sich die Ingenieure die Zeit nehmen, die Integrationsschicht gr\u00fcndlich zu testen.   <\/p>\n\n<p>Der Wechsel zu Infrastructure-as-Code und automatisierten Implementierungen wird zum De-facto-Standard. In unseren Projekten haben wir dies zusammen mit automatisierten Tests auf die Integrationsebene angewendet. Es wird immer ein gewisses Ma\u00df an Integrationstests und manuellen Tests erforderlich sein. Diese Tests sind jedoch in der Regel zeitaufw\u00e4ndig und kostspielig. Oft sind sie auch bis zu einem gewissen Grad fehleranf\u00e4llig.    <\/p>\n\n<p>Daher ist es sehr wichtig, Probleme fr\u00fchzeitig im Prozess zu erkennen und zu beheben. Integrationsabl\u00e4ufe sollten wie Programmierquellcode behandelt werden und bei jeder \u00c4nderung Tests ausl\u00f6sen. Klingt logisch &#8230; nichts Neues &#8230; richtig. Sie k\u00f6nnten sagen, dass ich nur das Offensichtliche sage, und ich widerspreche Ihnen nicht. Die Realit\u00e4t ist jedoch, dass diese logischen Dinge oft nicht umgesetzt werden.    <\/p>\n\n<p><strong>Beispiel:<\/strong><\/p>\n<div class=\"wp-block-image\">\n<figure class=\"aligncenter size-full\"><img loading=\"lazy\" decoding=\"async\" width=\"945\" height=\"751\" src=\"https:\/\/conapi.at\/wp-content\/uploads\/2023\/01\/CICD-Test.drawio-1.png\" alt=\"\" class=\"wp-image-185\" srcset=\"https:\/\/conapi.at\/wp-content\/uploads\/2023\/01\/CICD-Test.drawio-1.png 945w, https:\/\/conapi.at\/wp-content\/uploads\/2023\/01\/CICD-Test.drawio-1-300x238.png 300w, https:\/\/conapi.at\/wp-content\/uploads\/2023\/01\/CICD-Test.drawio-1-768x610.png 768w\" sizes=\"auto, (max-width: 945px) 100vw, 945px\" \/><\/figure>\n<\/div>\n<p><\/p>\n\n<p>Das obige Beispiel l\u00f6st bei jedem Commit+Push einen GitHub Actions Workflow aus. Die Integrationsabl\u00e4ufe werden erstellt und dann automatisch in einer containerisierten Umgebung bereitgestellt. Diese Umgebung wird als Teil des CICD-Workflows erstellt und dann bei der Ausf\u00fchrung der Tests verwendet.    <\/p>\n\n<p>Was ist erforderlich, um dies f\u00fcr Ihre Integrationsabl\u00e4ufe zu erreichen, und welche Faktoren tragen zum Erfolg bei:<\/p>\n\n<ul class=\"wp-block-list\">\n<li>Datenqualit\u00e4t testen<\/li>\n\n\n\n<li>Automatisierte Testf\u00e4lle<\/li>\n\n\n\n<li>Verspottung von verbundenen Systemen<\/li>\n\n\n\n<li>Testabdeckung<\/li>\n<\/ul>\n\n<p>All diese Faktoren sind wichtig und einige sind leichter zu erreichen als andere. Wir verwenden unser eigenes Framework, um die Testdaten aus einer bestimmten Umgebung automatisch zu sammeln und zu testen. Diese Daten liegen dann bereits in einem Format vor, das f\u00fcr Tests und Mocking verwendet werden kann.<br\/>Die Testf\u00e4lle werden dann in Java geschrieben (was bis zu einem gewissen Grad auch automatisiert werden kann, f\u00fcr einfache Assertions) und verwenden die gesammelten Daten wieder.  <\/p>\n<div class=\"wp-block-image\">\n<figure class=\"aligncenter size-large\"><img decoding=\"async\" src=\"https:\/\/conapi.at\/wp-content\/uploads\/2023\/01\/2023-01-31-08_16_50-integration-process-&#x2013;-DemoProcess.java_-1024x454.png\" alt=\"\" class=\"wp-image-186\"\/><\/figure>\n<\/div>\n<p>Das erwartete Ergebnis eines bestimmten Integrationsablaufschritts kann nachgebildet werden, wenn die Backend-Systeme nicht verf\u00fcgbar sind. Das Framework kann das gesammelte Ergebnis des Schritts verwenden, anstatt das Backend aufzurufen. Alternativ (oder zus\u00e4tzlich) k\u00f6nnen die Testf\u00e4lle gegen eine bestimmte Umgebung mit erwarteten Testergebnissen pro Umgebung ausgef\u00fchrt werden. Das bedeutet, dass Sie dieselben Testf\u00e4lle verwenden k\u00f6nnen, aber z.B. w\u00e4hrend des Builds einige Systeme gespottet werden und dann bei einem Testlauf gegen eine h\u00f6here Umgebung keine Schritte gespottet werden. Die Testf\u00e4lle bleiben unangetastet.    <\/p>\n\n<p>Sobald die Testf\u00e4lle geschrieben und erfolgreich ausgef\u00fchrt wurden, stellt sich die Frage: &#8222;Haben wir alles abgedeckt?&#8220;<br\/>Testabdeckungsberichte sind hier sehr hilfreich und zeigen Ihnen den Prozentsatz der Abdeckung insgesamt (pro Integrationsfluss\/ESB-Prozess) und pro Testszenario.<\/p>\n<div class=\"wp-block-image\">\n<figure class=\"aligncenter size-full\"><img loading=\"lazy\" decoding=\"async\" width=\"512\" height=\"390\" src=\"https:\/\/conapi.at\/wp-content\/uploads\/2023\/01\/testcoverage1.png\" alt=\"\" class=\"wp-image-187\" srcset=\"https:\/\/conapi.at\/wp-content\/uploads\/2023\/01\/testcoverage1.png 512w, https:\/\/conapi.at\/wp-content\/uploads\/2023\/01\/testcoverage1-300x229.png 300w\" sizes=\"auto, (max-width: 512px) 100vw, 512px\" \/><\/figure>\n<\/div>\n<p>Dar\u00fcber hinaus k\u00f6nnen Sie die Daten aufschl\u00fcsseln und eine Liste der Schritte erhalten, die derzeit noch nicht getestet werden, auch nicht von aufgerufenen Unterprozessen. Das macht es einfacher, zus\u00e4tzliche Testf\u00e4lle zu identifizieren, die geschrieben werden m\u00fcssen. <\/p>\n<div class=\"wp-block-image\">\n<figure class=\"aligncenter size-full\"><img loading=\"lazy\" decoding=\"async\" width=\"512\" height=\"259\" src=\"https:\/\/conapi.at\/wp-content\/uploads\/2023\/01\/testcoverage2.png\" alt=\"\" class=\"wp-image-188\" srcset=\"https:\/\/conapi.at\/wp-content\/uploads\/2023\/01\/testcoverage2.png 512w, https:\/\/conapi.at\/wp-content\/uploads\/2023\/01\/testcoverage2-300x152.png 300w\" sizes=\"auto, (max-width: 512px) 100vw, 512px\" \/><\/figure>\n<\/div>\n<p>Wenn eine \u00c4nderung zu einem erfolgreichen Build (einschlie\u00dflich Tests) f\u00fchrt, kann das Paket freigegeben und\/oder bereitgestellt werden.<br\/>Niedrigere Umgebungen k\u00f6nnen automatisch \u00fcber Ihre CICD-Pipeline bereitgestellt werden.<br\/>Continuous Delivery-Umgebungen mit Ansible, Jenkins\/Github-Actions, GitHub &amp; AWS sind eine gro\u00dfartige Kombination, um dies zu erreichen.<\/p>\n<div class=\"wp-block-image\">\n<figure class=\"aligncenter size-full\"><img loading=\"lazy\" decoding=\"async\" width=\"881\" height=\"531\" src=\"https:\/\/conapi.at\/wp-content\/uploads\/2023\/01\/CICD-Deploy.drawio.png\" alt=\"\" class=\"wp-image-189\" srcset=\"https:\/\/conapi.at\/wp-content\/uploads\/2023\/01\/CICD-Deploy.drawio.png 881w, https:\/\/conapi.at\/wp-content\/uploads\/2023\/01\/CICD-Deploy.drawio-300x181.png 300w, https:\/\/conapi.at\/wp-content\/uploads\/2023\/01\/CICD-Deploy.drawio-768x463.png 768w\" sizes=\"auto, (max-width: 881px) 100vw, 881px\" \/><\/figure>\n<\/div>\n<p>Es erm\u00f6glicht die reproduzierbare Erstellung von Umgebungen ohne manuelle Eingriffe.<br\/>F\u00fcr h\u00f6here Umgebungen empfehlen wir, den gleichen Ansatz zu verwenden, aber die Bereitstellung mit freigegebenen Versionen manuell auszul\u00f6sen. Ohne jeglichen menschlichen Eingriff auf den Servern ist dies weniger fehleranf\u00e4llig und erm\u00f6glicht au\u00dferdem k\u00fcrzere Durchlaufzeiten. <\/p>\n\n<p><\/p>\n\n<p class=\"has-text-align-left\"><strong>conapi ESB\/Integration Testing Framework:<\/strong><\/p>\n\n<ul class=\"wp-block-list\">\n<li>Automatisch Test- und Mocking-Daten sammeln<\/li>\n\n\n\n<li>Mocking von Integrationsablaufschritten (d.h. Backend simulieren)<\/li>\n\n\n\n<li>Abdeckungsbericht (Prozentsatz, Liste der nicht getesteten Schritte)<\/li>\n\n\n\n<li>CICD bereit<\/li>\n\n\n\n<li>Testausgabe-Assertionen<\/li>\n<\/ul>\n\n<p><\/p>\n\n<p><\/p>\n\n<div class=\"wp-block-group alignwide cta-container\"><div class=\"wp-block-group__inner-container is-layout-constrained wp-block-group-is-layout-constrained\">\n<h2 class=\"wp-block-heading has-text-align-center hestia-title\">Erfahren Sie mehr \u00fcber unsere Dienstleistungen und L\u00f6sungen<\/h2>\n\n\n\n<div class=\"wp-block-buttons is-content-justification-center is-layout-flex wp-container-core-buttons-is-layout-a89b3969 wp-block-buttons-is-layout-flex\">\n<div class=\"wp-block-button contactus-btn\"><a class=\"wp-block-button__link wp-element-button\" href=\"https:\/\/conapi.at\/#contact\">Kontaktieren Sie uns<\/a><\/div>\n<\/div>\n<\/div><\/div>\n","protected":false},"excerpt":{"rendered":"<p>Planen Sie, Ihre ESB Integrationsschicht in die Cloud zu migrieren? Oder planen Sie einfach ein Upgrade auf eine neue Version? Dann k\u00f6nnte dies das Richtige f\u00fcr Sie sein.  <\/p>\n","protected":false},"author":3,"featured_media":0,"parent":0,"menu_order":0,"comment_status":"closed","ping_status":"open","template":"","meta":{"_monsterinsights_skip_tracking":false,"_monsterinsights_sitenote_active":false,"_monsterinsights_sitenote_note":"","_monsterinsights_sitenote_category":0,"_themeisle_gutenberg_block_has_review":false,"footnotes":""},"class_list":["post-3713","page","type-page","status-publish","hentry"],"yoast_head":"<!-- This site is optimized with the Yoast SEO plugin v27.4 - https:\/\/yoast.com\/product\/yoast-seo-wordpress\/ -->\n<title>ESB Cloud-Migration oder Upgrade: Testen ist der Schl\u00fcssel zum Erfolg - conapi GmbH<\/title>\n<meta name=\"description\" content=\"Planen Sie, Ihre ESB Integrationsschicht in die Cloud zu migrieren? Oder planen Sie einfach ein Upgrade auf eine neue Version? Dann k\u00f6nnte dies das Richtige f\u00fcr Sie sein.\" \/>\n<meta name=\"robots\" content=\"index, follow, max-snippet:-1, max-image-preview:large, max-video-preview:-1\" \/>\n<link rel=\"canonical\" href=\"https:\/\/conapi.at\/de\/esb-cloud-migration-oder-upgrade-testen-ist-der-schluessel-zum-erfolg\/\" \/>\n<meta property=\"og:locale\" content=\"de_DE\" \/>\n<meta property=\"og:type\" content=\"article\" \/>\n<meta property=\"og:title\" content=\"ESB Cloud-Migration oder Upgrade: Testen ist der Schl\u00fcssel zum Erfolg - conapi GmbH\" \/>\n<meta property=\"og:description\" content=\"Planen Sie, Ihre ESB Integrationsschicht in die Cloud zu migrieren? Oder planen Sie einfach ein Upgrade auf eine neue Version? Dann k\u00f6nnte dies das Richtige f\u00fcr Sie sein.\" \/>\n<meta property=\"og:url\" content=\"https:\/\/conapi.at\/de\/esb-cloud-migration-oder-upgrade-testen-ist-der-schluessel-zum-erfolg\/\" \/>\n<meta property=\"og:site_name\" content=\"conapi GmbH\" \/>\n<meta property=\"article:modified_time\" content=\"2025-07-16T08:24:00+00:00\" \/>\n<meta property=\"og:image\" content=\"https:\/\/conapi.at\/wp-content\/uploads\/2023\/01\/CICD-Test.drawio-1.png\" \/>\n\t<meta property=\"og:image:width\" content=\"945\" \/>\n\t<meta property=\"og:image:height\" content=\"751\" \/>\n\t<meta property=\"og:image:type\" content=\"image\/png\" \/>\n<meta name=\"twitter:card\" content=\"summary_large_image\" \/>\n<meta name=\"twitter:label1\" content=\"Gesch\u00e4tzte Lesezeit\" \/>\n\t<meta name=\"twitter:data1\" content=\"4\u00a0Minuten\" \/>\n<script type=\"application\/ld+json\" class=\"yoast-schema-graph\">{\"@context\":\"https:\\\/\\\/schema.org\",\"@graph\":[{\"@type\":\"WebPage\",\"@id\":\"https:\\\/\\\/conapi.at\\\/de\\\/esb-cloud-migration-oder-upgrade-testen-ist-der-schluessel-zum-erfolg\\\/\",\"url\":\"https:\\\/\\\/conapi.at\\\/de\\\/esb-cloud-migration-oder-upgrade-testen-ist-der-schluessel-zum-erfolg\\\/\",\"name\":\"ESB Cloud-Migration oder Upgrade: Testen ist der Schl\u00fcssel zum Erfolg - conapi GmbH\",\"isPartOf\":{\"@id\":\"https:\\\/\\\/conapi.at\\\/de\\\/#website\"},\"primaryImageOfPage\":{\"@id\":\"https:\\\/\\\/conapi.at\\\/de\\\/esb-cloud-migration-oder-upgrade-testen-ist-der-schluessel-zum-erfolg\\\/#primaryimage\"},\"image\":{\"@id\":\"https:\\\/\\\/conapi.at\\\/de\\\/esb-cloud-migration-oder-upgrade-testen-ist-der-schluessel-zum-erfolg\\\/#primaryimage\"},\"thumbnailUrl\":\"https:\\\/\\\/conapi.at\\\/wp-content\\\/uploads\\\/2023\\\/01\\\/CICD-Test.drawio-1.png\",\"datePublished\":\"2023-01-31T06:25:51+00:00\",\"dateModified\":\"2025-07-16T08:24:00+00:00\",\"description\":\"Planen Sie, Ihre ESB Integrationsschicht in die Cloud zu migrieren? Oder planen Sie einfach ein Upgrade auf eine neue Version? Dann k\u00f6nnte dies das Richtige f\u00fcr Sie sein.\",\"breadcrumb\":{\"@id\":\"https:\\\/\\\/conapi.at\\\/de\\\/esb-cloud-migration-oder-upgrade-testen-ist-der-schluessel-zum-erfolg\\\/#breadcrumb\"},\"inLanguage\":\"de\",\"potentialAction\":[{\"@type\":\"ReadAction\",\"target\":[\"https:\\\/\\\/conapi.at\\\/de\\\/esb-cloud-migration-oder-upgrade-testen-ist-der-schluessel-zum-erfolg\\\/\"]}]},{\"@type\":\"ImageObject\",\"inLanguage\":\"de\",\"@id\":\"https:\\\/\\\/conapi.at\\\/de\\\/esb-cloud-migration-oder-upgrade-testen-ist-der-schluessel-zum-erfolg\\\/#primaryimage\",\"url\":\"https:\\\/\\\/conapi.at\\\/wp-content\\\/uploads\\\/2023\\\/01\\\/CICD-Test.drawio-1.png\",\"contentUrl\":\"https:\\\/\\\/conapi.at\\\/wp-content\\\/uploads\\\/2023\\\/01\\\/CICD-Test.drawio-1.png\"},{\"@type\":\"BreadcrumbList\",\"@id\":\"https:\\\/\\\/conapi.at\\\/de\\\/esb-cloud-migration-oder-upgrade-testen-ist-der-schluessel-zum-erfolg\\\/#breadcrumb\",\"itemListElement\":[{\"@type\":\"ListItem\",\"position\":1,\"name\":\"Home\",\"item\":\"https:\\\/\\\/conapi.at\\\/de\\\/\"},{\"@type\":\"ListItem\",\"position\":2,\"name\":\"ESB Cloud-Migration oder Upgrade: Testen ist der Schl\u00fcssel zum Erfolg\"}]},{\"@type\":\"WebSite\",\"@id\":\"https:\\\/\\\/conapi.at\\\/de\\\/#website\",\"url\":\"https:\\\/\\\/conapi.at\\\/de\\\/\",\"name\":\"conapi GmbH\",\"description\":\"\",\"publisher\":{\"@id\":\"https:\\\/\\\/conapi.at\\\/de\\\/#organization\"},\"potentialAction\":[{\"@type\":\"SearchAction\",\"target\":{\"@type\":\"EntryPoint\",\"urlTemplate\":\"https:\\\/\\\/conapi.at\\\/de\\\/?s={search_term_string}\"},\"query-input\":{\"@type\":\"PropertyValueSpecification\",\"valueRequired\":true,\"valueName\":\"search_term_string\"}}],\"inLanguage\":\"de\"},{\"@type\":\"Organization\",\"@id\":\"https:\\\/\\\/conapi.at\\\/de\\\/#organization\",\"name\":\"conapi GmbH\",\"url\":\"https:\\\/\\\/conapi.at\\\/de\\\/\",\"logo\":{\"@type\":\"ImageObject\",\"inLanguage\":\"de\",\"@id\":\"https:\\\/\\\/conapi.at\\\/de\\\/#\\\/schema\\\/logo\\\/image\\\/\",\"url\":\"https:\\\/\\\/conapi.at\\\/wp-content\\\/uploads\\\/2024\\\/11\\\/500x500_dkpurple_lime.png\",\"contentUrl\":\"https:\\\/\\\/conapi.at\\\/wp-content\\\/uploads\\\/2024\\\/11\\\/500x500_dkpurple_lime.png\",\"width\":500,\"height\":500,\"caption\":\"conapi GmbH\"},\"image\":{\"@id\":\"https:\\\/\\\/conapi.at\\\/de\\\/#\\\/schema\\\/logo\\\/image\\\/\"},\"sameAs\":[\"https:\\\/\\\/www.linkedin.com\\\/company\\\/conapi-gmbh\"]}]}<\/script>\n<!-- \/ Yoast SEO plugin. -->","yoast_head_json":{"title":"ESB Cloud-Migration oder Upgrade: Testen ist der Schl\u00fcssel zum Erfolg - conapi GmbH","description":"Planen Sie, Ihre ESB Integrationsschicht in die Cloud zu migrieren? Oder planen Sie einfach ein Upgrade auf eine neue Version? Dann k\u00f6nnte dies das Richtige f\u00fcr Sie sein.","robots":{"index":"index","follow":"follow","max-snippet":"max-snippet:-1","max-image-preview":"max-image-preview:large","max-video-preview":"max-video-preview:-1"},"canonical":"https:\/\/conapi.at\/de\/esb-cloud-migration-oder-upgrade-testen-ist-der-schluessel-zum-erfolg\/","og_locale":"de_DE","og_type":"article","og_title":"ESB Cloud-Migration oder Upgrade: Testen ist der Schl\u00fcssel zum Erfolg - conapi GmbH","og_description":"Planen Sie, Ihre ESB Integrationsschicht in die Cloud zu migrieren? Oder planen Sie einfach ein Upgrade auf eine neue Version? Dann k\u00f6nnte dies das Richtige f\u00fcr Sie sein.","og_url":"https:\/\/conapi.at\/de\/esb-cloud-migration-oder-upgrade-testen-ist-der-schluessel-zum-erfolg\/","og_site_name":"conapi GmbH","article_modified_time":"2025-07-16T08:24:00+00:00","og_image":[{"width":945,"height":751,"url":"https:\/\/conapi.at\/wp-content\/uploads\/2023\/01\/CICD-Test.drawio-1.png","type":"image\/png"}],"twitter_card":"summary_large_image","twitter_misc":{"Gesch\u00e4tzte Lesezeit":"4\u00a0Minuten"},"schema":{"@context":"https:\/\/schema.org","@graph":[{"@type":"WebPage","@id":"https:\/\/conapi.at\/de\/esb-cloud-migration-oder-upgrade-testen-ist-der-schluessel-zum-erfolg\/","url":"https:\/\/conapi.at\/de\/esb-cloud-migration-oder-upgrade-testen-ist-der-schluessel-zum-erfolg\/","name":"ESB Cloud-Migration oder Upgrade: Testen ist der Schl\u00fcssel zum Erfolg - conapi GmbH","isPartOf":{"@id":"https:\/\/conapi.at\/de\/#website"},"primaryImageOfPage":{"@id":"https:\/\/conapi.at\/de\/esb-cloud-migration-oder-upgrade-testen-ist-der-schluessel-zum-erfolg\/#primaryimage"},"image":{"@id":"https:\/\/conapi.at\/de\/esb-cloud-migration-oder-upgrade-testen-ist-der-schluessel-zum-erfolg\/#primaryimage"},"thumbnailUrl":"https:\/\/conapi.at\/wp-content\/uploads\/2023\/01\/CICD-Test.drawio-1.png","datePublished":"2023-01-31T06:25:51+00:00","dateModified":"2025-07-16T08:24:00+00:00","description":"Planen Sie, Ihre ESB Integrationsschicht in die Cloud zu migrieren? Oder planen Sie einfach ein Upgrade auf eine neue Version? Dann k\u00f6nnte dies das Richtige f\u00fcr Sie sein.","breadcrumb":{"@id":"https:\/\/conapi.at\/de\/esb-cloud-migration-oder-upgrade-testen-ist-der-schluessel-zum-erfolg\/#breadcrumb"},"inLanguage":"de","potentialAction":[{"@type":"ReadAction","target":["https:\/\/conapi.at\/de\/esb-cloud-migration-oder-upgrade-testen-ist-der-schluessel-zum-erfolg\/"]}]},{"@type":"ImageObject","inLanguage":"de","@id":"https:\/\/conapi.at\/de\/esb-cloud-migration-oder-upgrade-testen-ist-der-schluessel-zum-erfolg\/#primaryimage","url":"https:\/\/conapi.at\/wp-content\/uploads\/2023\/01\/CICD-Test.drawio-1.png","contentUrl":"https:\/\/conapi.at\/wp-content\/uploads\/2023\/01\/CICD-Test.drawio-1.png"},{"@type":"BreadcrumbList","@id":"https:\/\/conapi.at\/de\/esb-cloud-migration-oder-upgrade-testen-ist-der-schluessel-zum-erfolg\/#breadcrumb","itemListElement":[{"@type":"ListItem","position":1,"name":"Home","item":"https:\/\/conapi.at\/de\/"},{"@type":"ListItem","position":2,"name":"ESB Cloud-Migration oder Upgrade: Testen ist der Schl\u00fcssel zum Erfolg"}]},{"@type":"WebSite","@id":"https:\/\/conapi.at\/de\/#website","url":"https:\/\/conapi.at\/de\/","name":"conapi GmbH","description":"","publisher":{"@id":"https:\/\/conapi.at\/de\/#organization"},"potentialAction":[{"@type":"SearchAction","target":{"@type":"EntryPoint","urlTemplate":"https:\/\/conapi.at\/de\/?s={search_term_string}"},"query-input":{"@type":"PropertyValueSpecification","valueRequired":true,"valueName":"search_term_string"}}],"inLanguage":"de"},{"@type":"Organization","@id":"https:\/\/conapi.at\/de\/#organization","name":"conapi GmbH","url":"https:\/\/conapi.at\/de\/","logo":{"@type":"ImageObject","inLanguage":"de","@id":"https:\/\/conapi.at\/de\/#\/schema\/logo\/image\/","url":"https:\/\/conapi.at\/wp-content\/uploads\/2024\/11\/500x500_dkpurple_lime.png","contentUrl":"https:\/\/conapi.at\/wp-content\/uploads\/2024\/11\/500x500_dkpurple_lime.png","width":500,"height":500,"caption":"conapi GmbH"},"image":{"@id":"https:\/\/conapi.at\/de\/#\/schema\/logo\/image\/"},"sameAs":["https:\/\/www.linkedin.com\/company\/conapi-gmbh"]}]}},"yoast_meta":{"yoast_wpseo_title":"","yoast_wpseo_metadesc":"","yoast_wpseo_canonical":""},"_links":{"self":[{"href":"https:\/\/conapi.at\/de\/wp-json\/wp\/v2\/pages\/3713","targetHints":{"allow":["GET"]}}],"collection":[{"href":"https:\/\/conapi.at\/de\/wp-json\/wp\/v2\/pages"}],"about":[{"href":"https:\/\/conapi.at\/de\/wp-json\/wp\/v2\/types\/page"}],"author":[{"embeddable":true,"href":"https:\/\/conapi.at\/de\/wp-json\/wp\/v2\/users\/3"}],"replies":[{"embeddable":true,"href":"https:\/\/conapi.at\/de\/wp-json\/wp\/v2\/comments?post=3713"}],"version-history":[{"count":1,"href":"https:\/\/conapi.at\/de\/wp-json\/wp\/v2\/pages\/3713\/revisions"}],"predecessor-version":[{"id":3714,"href":"https:\/\/conapi.at\/de\/wp-json\/wp\/v2\/pages\/3713\/revisions\/3714"}],"wp:attachment":[{"href":"https:\/\/conapi.at\/de\/wp-json\/wp\/v2\/media?parent=3713"}],"curies":[{"name":"wp","href":"https:\/\/api.w.org\/{rel}","templated":true}]}}