{"id":3717,"date":"2023-04-14T12:57:39","date_gmt":"2023-04-14T10:57:39","guid":{"rendered":"https:\/\/conapi.at\/aurea-messenger-esb-beratung-und-managed-services\/"},"modified":"2025-07-16T10:26:05","modified_gmt":"2025-07-16T08:26:05","slug":"aurea-messenger-esb-beratung-und-managed-services","status":"publish","type":"page","link":"https:\/\/conapi.at\/de\/aurea-messenger-esb-beratung-und-managed-services\/","title":{"rendered":"Aurea Messenger ESB Beratung und Managed Services"},"content":{"rendered":"\n<blockquote class=\"wp-block-quote is-layout-flow wp-block-quote-is-layout-flow\">\n<p>Fachwissen und Unterst\u00fctzung f\u00fcr Ihre Integrationsbed\u00fcrfnisse<\/p>\n<\/blockquote>\n\n<h2 class=\"wp-block-heading\">Partnerschaft<\/h2>\n\n<p>Wir sind stolz darauf, ein langj\u00e4hriger, zuverl\u00e4ssiger Partner von <a href=\"https:\/\/www.aurea.com\">Aurea Software<\/a> zu sein, einem weltweit f\u00fchrenden Anbieter von Unternehmenssoftwarel\u00f6sungen. Mit \u00fcber 20 Jahren Erfahrung in dieser Technologie konzentriert sich unsere Partnerschaft auf die robusten Enterprise Messaging (JMS) und Integrationsprodukte von Aurea, insbesondere Aurea Messenger. Durch diese Zusammenarbeit, die sich auf unsere zwei Jahrzehnte lange Erfahrung st\u00fctzt, k\u00f6nnen wir unseren Kunden beispiellose Messaging- und Integrationsfunktionen anbieten, die ihre Gesch\u00e4ftskommunikation und Datenaustauschprozesse erheblich verbessern. Dank unserer umfassenden Kenntnisse der leistungsstarken Funktionen von Aurea Messenger k\u00f6nnen wir nahtlose, zuverl\u00e4ssige und skalierbare Messaging-L\u00f6sungen anbieten, die den Echtzeit-Informationsfluss zwischen verschiedenen Systemen und Anwendungen erleichtern. Dank unserer umfassenden Erfahrung bei der Implementierung der JMS Technologie von Aurea k\u00f6nnen wir fein abgestimmte, effiziente Integrationsl\u00f6sungen bereitstellen, die Abl\u00e4ufe rationalisieren, die Produktivit\u00e4t steigern und die digitale Transformation von Unternehmen jeder Gr\u00f6\u00dfe vorantreiben &#8211; mit der Sicherheit, die sich aus unserer langj\u00e4hrigen Erfahrung in diesem Bereich ergibt.    <\/p>\n\n<h3 class=\"wp-block-heading\">Unsere Dienstleistungen<\/h3>\n\n<ul class=\"wp-block-list\">\n<li><strong>Entwicklung der Integration<\/strong>: Wir \u00fcberpr\u00fcfen Ihren aktuellen Integrations- und <a href=\"https:\/\/conapi.at\/de\/api-management-das-mit-ihrem-anspruch-waechst\/\">API Ansatz<\/a> und geben Ihnen eine anbieterneutrale Empfehlung. Au\u00dferdem k\u00f6nnen wir Ihnen bei der Implementierung des Ansatzes helfen.   <\/li>\n\n\n\n<li><strong>Beratung<\/strong>: Unterst\u00fctzung von Kunden bei der Bewertung, Konzeption und Implementierung von Integrationsl\u00f6sungen mit <a href=\"https:\/\/www.aurea.com\/library\/messenger\/\">Aurea Messenger<\/a> (CX Messenger, Sonic ESB, SonicMQ).<\/li>\n\n\n\n<li><strong>Upgrade-Unterst\u00fctzung<\/strong>: Unterst\u00fctzung von Kunden beim Upgrade auf die neueste Version von Aurea Messenger ESB.<\/li>\n\n\n\n<li><strong>Verwaltete Dienste<\/strong>: Laufende Unterst\u00fctzung und Wartung f\u00fcr Aurea Messenger ESB Installationen.<\/li>\n\n\n\n<li><strong>Cloud-Migration<\/strong>: Unterst\u00fctzung von Kunden bei der Verlagerung ihrer lokalen Installationen von Aurea Messenger ESB in die Cloud.<\/li>\n\n\n\n<li><strong>Migration\/Umstellung\/Modernisierung:<\/strong> Migrationsstrategie und Implementierungsdienste  <\/li>\n<\/ul>\n\n<p><a href=\"https:\/\/conapi.at\/de\/aurea-messenger-ueberwachung-mit-grafana-prometheus-kibana-elastic\/\">\u00dcberwachen Sie bereits Ihre Aurea Messenger-Installation<\/a>?<\/p>\n<div class=\"wp-block-image\">\n<figure class=\"aligncenter size-large\"><a href=\"https:\/\/conapi.at\/de\/aurea-messenger-ueberwachung-mit-grafana-prometheus-kibana-elastic\/\"><img loading=\"lazy\" decoding=\"async\" width=\"1024\" height=\"450\" src=\"https:\/\/conapi.at\/wp-content\/uploads\/2024\/04\/dashboard-1024x450.png\" alt=\"\" class=\"wp-image-324\" srcset=\"https:\/\/conapi.at\/wp-content\/uploads\/2024\/04\/dashboard-1024x450.png 1024w, https:\/\/conapi.at\/wp-content\/uploads\/2024\/04\/dashboard-300x132.png 300w, https:\/\/conapi.at\/wp-content\/uploads\/2024\/04\/dashboard-768x338.png 768w, https:\/\/conapi.at\/wp-content\/uploads\/2024\/04\/dashboard-1536x675.png 1536w, https:\/\/conapi.at\/wp-content\/uploads\/2024\/04\/dashboard.png 1936w\" sizes=\"auto, (max-width: 1024px) 100vw, 1024px\" \/><\/a><\/figure>\n<\/div><div style=\"height: 100px\" aria-hidden=\"true\" class=\"wp-block-spacer\"><\/div>\n<div class=\"wp-block-group alignwide cta-container\" style=\"margin-left: 0px;margin-right: 0px\">\n<div class=\"wp-block-group__inner-container is-layout-constrained wp-block-group-is-layout-constrained\">\n<h2 class=\"wp-block-heading has-text-align-center hestia-title\">Erfahren Sie mehr \u00fcber unsere Dienstleistungen und L\u00f6sungen<\/h2>\n<div class=\"wp-block-buttons is-content-justification-center is-layout-flex wp-container-core-buttons-is-layout-a89b3969 wp-block-buttons-is-layout-flex\">\n<div class=\"wp-block-button contactus-btn\"><a class=\"wp-block-button__link wp-element-button\" href=\"https:\/\/conapi.at\/#contact\">Kontaktieren Sie uns<\/a><\/div>\n<\/div>\n<\/div>\n<\/div>\n","protected":false},"excerpt":{"rendered":"<p>Fachwissen und Unterst\u00fctzung f\u00fcr Ihre Integrationsbed\u00fcrfnisse Partnerschaft Wir sind stolz darauf, ein langj\u00e4hriger, zuverl\u00e4ssiger Partner von Aurea Software zu sein, einem weltweit f\u00fchrenden Anbieter von Unternehmenssoftwarel\u00f6sungen. Mit \u00fcber 20 Jahren Erfahrung in dieser Technologie konzentriert sich unsere Partnerschaft auf die robusten Enterprise Messaging (JMS) und Integrationsprodukte von Aurea, insbesondere Aurea [&hellip;]<\/p>\n","protected":false},"author":3,"featured_media":0,"parent":0,"menu_order":0,"comment_status":"closed","ping_status":"closed","template":"","meta":{"_monsterinsights_skip_tracking":false,"_monsterinsights_sitenote_active":false,"_monsterinsights_sitenote_note":"","_monsterinsights_sitenote_category":0,"_themeisle_gutenberg_block_has_review":false,"footnotes":""},"class_list":["post-3717","page","type-page","status-publish","hentry"],"yoast_head":"<!-- This site is optimized with the Yoast SEO plugin v27.4 - https:\/\/yoast.com\/product\/yoast-seo-wordpress\/ -->\n<title>Aurea Messenger ESB Beratung und Managed Services - conapi GmbH<\/title>\n<meta name=\"description\" content=\"Aurea Messenger (CX Messenger, Sonic ESB, SonicMQ) Beratung, Entwicklung und Managed Services. Die aktuellsten Produktkenntnisse!\" \/>\n<meta name=\"robots\" content=\"index, follow, max-snippet:-1, max-image-preview:large, max-video-preview:-1\" \/>\n<link rel=\"canonical\" href=\"https:\/\/conapi.at\/de\/aurea-messenger-esb-beratung-und-managed-services\/\" \/>\n<meta property=\"og:locale\" content=\"de_DE\" \/>\n<meta property=\"og:type\" content=\"article\" \/>\n<meta property=\"og:title\" content=\"Aurea Messenger ESB Beratung und Managed Services - conapi GmbH\" \/>\n<meta property=\"og:description\" content=\"Aurea Messenger (CX Messenger, Sonic ESB, SonicMQ) Beratung, Entwicklung und Managed Services. Die aktuellsten Produktkenntnisse!\" \/>\n<meta property=\"og:url\" content=\"https:\/\/conapi.at\/de\/aurea-messenger-esb-beratung-und-managed-services\/\" \/>\n<meta property=\"og:site_name\" content=\"conapi GmbH\" \/>\n<meta property=\"article:modified_time\" content=\"2025-07-16T08:26:05+00:00\" \/>\n<meta property=\"og:image\" content=\"https:\/\/conapi.at\/wp-content\/uploads\/2024\/04\/dashboard.png\" \/>\n\t<meta property=\"og:image:width\" content=\"1936\" \/>\n\t<meta property=\"og:image:height\" content=\"851\" \/>\n\t<meta property=\"og:image:type\" content=\"image\/png\" \/>\n<meta name=\"twitter:card\" content=\"summary_large_image\" \/>\n<meta name=\"twitter:label1\" content=\"Gesch\u00e4tzte Lesezeit\" \/>\n\t<meta name=\"twitter:data1\" content=\"1\u00a0Minute\" \/>\n<script type=\"application\/ld+json\" class=\"yoast-schema-graph\">{\"@context\":\"https:\\\/\\\/schema.org\",\"@graph\":[{\"@type\":\"WebPage\",\"@id\":\"https:\\\/\\\/conapi.at\\\/de\\\/aurea-messenger-esb-beratung-und-managed-services\\\/\",\"url\":\"https:\\\/\\\/conapi.at\\\/de\\\/aurea-messenger-esb-beratung-und-managed-services\\\/\",\"name\":\"Aurea Messenger ESB Beratung und Managed Services - conapi GmbH\",\"isPartOf\":{\"@id\":\"https:\\\/\\\/conapi.at\\\/de\\\/#website\"},\"primaryImageOfPage\":{\"@id\":\"https:\\\/\\\/conapi.at\\\/de\\\/aurea-messenger-esb-beratung-und-managed-services\\\/#primaryimage\"},\"image\":{\"@id\":\"https:\\\/\\\/conapi.at\\\/de\\\/aurea-messenger-esb-beratung-und-managed-services\\\/#primaryimage\"},\"thumbnailUrl\":\"https:\\\/\\\/conapi.at\\\/wp-content\\\/uploads\\\/2024\\\/04\\\/dashboard-1024x450.png\",\"datePublished\":\"2023-04-14T10:57:39+00:00\",\"dateModified\":\"2025-07-16T08:26:05+00:00\",\"description\":\"Aurea Messenger (CX Messenger, Sonic ESB, SonicMQ) Beratung, Entwicklung und Managed Services. Die aktuellsten Produktkenntnisse!\",\"breadcrumb\":{\"@id\":\"https:\\\/\\\/conapi.at\\\/de\\\/aurea-messenger-esb-beratung-und-managed-services\\\/#breadcrumb\"},\"inLanguage\":\"de\",\"potentialAction\":[{\"@type\":\"ReadAction\",\"target\":[\"https:\\\/\\\/conapi.at\\\/de\\\/aurea-messenger-esb-beratung-und-managed-services\\\/\"]}]},{\"@type\":\"ImageObject\",\"inLanguage\":\"de\",\"@id\":\"https:\\\/\\\/conapi.at\\\/de\\\/aurea-messenger-esb-beratung-und-managed-services\\\/#primaryimage\",\"url\":\"https:\\\/\\\/conapi.at\\\/wp-content\\\/uploads\\\/2024\\\/04\\\/dashboard-1024x450.png\",\"contentUrl\":\"https:\\\/\\\/conapi.at\\\/wp-content\\\/uploads\\\/2024\\\/04\\\/dashboard-1024x450.png\"},{\"@type\":\"BreadcrumbList\",\"@id\":\"https:\\\/\\\/conapi.at\\\/de\\\/aurea-messenger-esb-beratung-und-managed-services\\\/#breadcrumb\",\"itemListElement\":[{\"@type\":\"ListItem\",\"position\":1,\"name\":\"Home\",\"item\":\"https:\\\/\\\/conapi.at\\\/de\\\/\"},{\"@type\":\"ListItem\",\"position\":2,\"name\":\"Aurea Messenger ESB Beratung und Managed Services\"}]},{\"@type\":\"WebSite\",\"@id\":\"https:\\\/\\\/conapi.at\\\/de\\\/#website\",\"url\":\"https:\\\/\\\/conapi.at\\\/de\\\/\",\"name\":\"conapi GmbH\",\"description\":\"\",\"publisher\":{\"@id\":\"https:\\\/\\\/conapi.at\\\/de\\\/#organization\"},\"potentialAction\":[{\"@type\":\"SearchAction\",\"target\":{\"@type\":\"EntryPoint\",\"urlTemplate\":\"https:\\\/\\\/conapi.at\\\/de\\\/?s={search_term_string}\"},\"query-input\":{\"@type\":\"PropertyValueSpecification\",\"valueRequired\":true,\"valueName\":\"search_term_string\"}}],\"inLanguage\":\"de\"},{\"@type\":\"Organization\",\"@id\":\"https:\\\/\\\/conapi.at\\\/de\\\/#organization\",\"name\":\"conapi GmbH\",\"url\":\"https:\\\/\\\/conapi.at\\\/de\\\/\",\"logo\":{\"@type\":\"ImageObject\",\"inLanguage\":\"de\",\"@id\":\"https:\\\/\\\/conapi.at\\\/de\\\/#\\\/schema\\\/logo\\\/image\\\/\",\"url\":\"https:\\\/\\\/conapi.at\\\/wp-content\\\/uploads\\\/2024\\\/11\\\/500x500_dkpurple_lime.png\",\"contentUrl\":\"https:\\\/\\\/conapi.at\\\/wp-content\\\/uploads\\\/2024\\\/11\\\/500x500_dkpurple_lime.png\",\"width\":500,\"height\":500,\"caption\":\"conapi GmbH\"},\"image\":{\"@id\":\"https:\\\/\\\/conapi.at\\\/de\\\/#\\\/schema\\\/logo\\\/image\\\/\"},\"sameAs\":[\"https:\\\/\\\/www.linkedin.com\\\/company\\\/conapi-gmbh\"]}]}<\/script>\n<!-- \/ Yoast SEO plugin. -->","yoast_head_json":{"title":"Aurea Messenger ESB Beratung und Managed Services - conapi GmbH","description":"Aurea Messenger (CX Messenger, Sonic ESB, SonicMQ) Beratung, Entwicklung und Managed Services. Die aktuellsten Produktkenntnisse!","robots":{"index":"index","follow":"follow","max-snippet":"max-snippet:-1","max-image-preview":"max-image-preview:large","max-video-preview":"max-video-preview:-1"},"canonical":"https:\/\/conapi.at\/de\/aurea-messenger-esb-beratung-und-managed-services\/","og_locale":"de_DE","og_type":"article","og_title":"Aurea Messenger ESB Beratung und Managed Services - conapi GmbH","og_description":"Aurea Messenger (CX Messenger, Sonic ESB, SonicMQ) Beratung, Entwicklung und Managed Services. Die aktuellsten Produktkenntnisse!","og_url":"https:\/\/conapi.at\/de\/aurea-messenger-esb-beratung-und-managed-services\/","og_site_name":"conapi GmbH","article_modified_time":"2025-07-16T08:26:05+00:00","og_image":[{"width":1936,"height":851,"url":"https:\/\/conapi.at\/wp-content\/uploads\/2024\/04\/dashboard.png","type":"image\/png"}],"twitter_card":"summary_large_image","twitter_misc":{"Gesch\u00e4tzte Lesezeit":"1\u00a0Minute"},"schema":{"@context":"https:\/\/schema.org","@graph":[{"@type":"WebPage","@id":"https:\/\/conapi.at\/de\/aurea-messenger-esb-beratung-und-managed-services\/","url":"https:\/\/conapi.at\/de\/aurea-messenger-esb-beratung-und-managed-services\/","name":"Aurea Messenger ESB Beratung und Managed Services - conapi GmbH","isPartOf":{"@id":"https:\/\/conapi.at\/de\/#website"},"primaryImageOfPage":{"@id":"https:\/\/conapi.at\/de\/aurea-messenger-esb-beratung-und-managed-services\/#primaryimage"},"image":{"@id":"https:\/\/conapi.at\/de\/aurea-messenger-esb-beratung-und-managed-services\/#primaryimage"},"thumbnailUrl":"https:\/\/conapi.at\/wp-content\/uploads\/2024\/04\/dashboard-1024x450.png","datePublished":"2023-04-14T10:57:39+00:00","dateModified":"2025-07-16T08:26:05+00:00","description":"Aurea Messenger (CX Messenger, Sonic ESB, SonicMQ) Beratung, Entwicklung und Managed Services. Die aktuellsten Produktkenntnisse!","breadcrumb":{"@id":"https:\/\/conapi.at\/de\/aurea-messenger-esb-beratung-und-managed-services\/#breadcrumb"},"inLanguage":"de","potentialAction":[{"@type":"ReadAction","target":["https:\/\/conapi.at\/de\/aurea-messenger-esb-beratung-und-managed-services\/"]}]},{"@type":"ImageObject","inLanguage":"de","@id":"https:\/\/conapi.at\/de\/aurea-messenger-esb-beratung-und-managed-services\/#primaryimage","url":"https:\/\/conapi.at\/wp-content\/uploads\/2024\/04\/dashboard-1024x450.png","contentUrl":"https:\/\/conapi.at\/wp-content\/uploads\/2024\/04\/dashboard-1024x450.png"},{"@type":"BreadcrumbList","@id":"https:\/\/conapi.at\/de\/aurea-messenger-esb-beratung-und-managed-services\/#breadcrumb","itemListElement":[{"@type":"ListItem","position":1,"name":"Home","item":"https:\/\/conapi.at\/de\/"},{"@type":"ListItem","position":2,"name":"Aurea Messenger ESB Beratung und Managed Services"}]},{"@type":"WebSite","@id":"https:\/\/conapi.at\/de\/#website","url":"https:\/\/conapi.at\/de\/","name":"conapi GmbH","description":"","publisher":{"@id":"https:\/\/conapi.at\/de\/#organization"},"potentialAction":[{"@type":"SearchAction","target":{"@type":"EntryPoint","urlTemplate":"https:\/\/conapi.at\/de\/?s={search_term_string}"},"query-input":{"@type":"PropertyValueSpecification","valueRequired":true,"valueName":"search_term_string"}}],"inLanguage":"de"},{"@type":"Organization","@id":"https:\/\/conapi.at\/de\/#organization","name":"conapi GmbH","url":"https:\/\/conapi.at\/de\/","logo":{"@type":"ImageObject","inLanguage":"de","@id":"https:\/\/conapi.at\/de\/#\/schema\/logo\/image\/","url":"https:\/\/conapi.at\/wp-content\/uploads\/2024\/11\/500x500_dkpurple_lime.png","contentUrl":"https:\/\/conapi.at\/wp-content\/uploads\/2024\/11\/500x500_dkpurple_lime.png","width":500,"height":500,"caption":"conapi GmbH"},"image":{"@id":"https:\/\/conapi.at\/de\/#\/schema\/logo\/image\/"},"sameAs":["https:\/\/www.linkedin.com\/company\/conapi-gmbh"]}]}},"yoast_meta":{"yoast_wpseo_title":"","yoast_wpseo_metadesc":"","yoast_wpseo_canonical":""},"_links":{"self":[{"href":"https:\/\/conapi.at\/de\/wp-json\/wp\/v2\/pages\/3717","targetHints":{"allow":["GET"]}}],"collection":[{"href":"https:\/\/conapi.at\/de\/wp-json\/wp\/v2\/pages"}],"about":[{"href":"https:\/\/conapi.at\/de\/wp-json\/wp\/v2\/types\/page"}],"author":[{"embeddable":true,"href":"https:\/\/conapi.at\/de\/wp-json\/wp\/v2\/users\/3"}],"replies":[{"embeddable":true,"href":"https:\/\/conapi.at\/de\/wp-json\/wp\/v2\/comments?post=3717"}],"version-history":[{"count":4,"href":"https:\/\/conapi.at\/de\/wp-json\/wp\/v2\/pages\/3717\/revisions"}],"predecessor-version":[{"id":3729,"href":"https:\/\/conapi.at\/de\/wp-json\/wp\/v2\/pages\/3717\/revisions\/3729"}],"wp:attachment":[{"href":"https:\/\/conapi.at\/de\/wp-json\/wp\/v2\/media?parent=3717"}],"curies":[{"name":"wp","href":"https:\/\/api.w.org\/{rel}","templated":true}]}}