{"id":3726,"date":"2024-04-19T08:12:20","date_gmt":"2024-04-19T06:12:20","guid":{"rendered":"https:\/\/conapi.at\/aurea-messenger-ueberwachung-mit-grafana-prometheus-kibana-elastic\/"},"modified":"2025-07-16T10:29:35","modified_gmt":"2025-07-16T08:29:35","slug":"aurea-messenger-ueberwachung-mit-grafana-prometheus-kibana-elastic","status":"publish","type":"page","link":"https:\/\/conapi.at\/de\/aurea-messenger-ueberwachung-mit-grafana-prometheus-kibana-elastic\/","title":{"rendered":"Aurea Messenger \u00dcberwachung mit Grafana, Prometheus, Kibana &amp; Elastic"},"content":{"rendered":"\n<p><strong>H\u00f6ren Sie auf, mit Ihrer ESB Infrastruktur im Blindflug zu fliegen.<\/strong>  Verschaffen Sie sich in Echtzeit einen \u00dcberblick \u00fcber Aurea Messenger (ehemals Progress Sonic ESB, CX Messenger, SonicMQ) mit einer unternehmensgerechten \u00dcberwachung, die sich nahtlos in Ihren bestehenden DevOps-Stack integriert.<\/p>\n\n<blockquote class=\"wp-block-quote is-layout-flow wp-block-quote-is-layout-flow\">\n<p>&#8222;ESB ist f\u00fcr uns eine Blackbox und wir hoffen, dass sie einfach funktioniert.&#8220;<\/p>\n\n\n\n<p><em>&#8211; ehemaliger IT-Manager<\/em><\/p>\n<\/blockquote>\n\n<h2 class=\"wp-block-heading\" id=\"why-aurea-messenger-monitoring-matters\">Warum Aurea Messenger Monitoring wichtig ist<\/h2>\n\n<p>Wissen Sie wirklich, was Ihre ESB oder Ihre Messaging-Infrastruktur tut? Die meisten Integrationsteams haben damit zu k\u00e4mpfen: <\/p>\n\n<ul class=\"wp-block-list\">\n<li><strong>Versteckte Engp\u00e4sse<\/strong>, die den Gesch\u00e4ftsbetrieb beeintr\u00e4chtigen<\/li>\n\n\n\n<li><strong>Warteschlangen<\/strong> werden erst nach Kundenbeschwerden entdeckt<\/li>\n\n\n\n<li><strong>Speicherlecks<\/strong> in Messaging-Containern bleiben unentdeckt<\/li>\n\n\n\n<li><strong>Leistungsverschlechterung<\/strong> ohne Fr\u00fchwarnsystem<\/li>\n\n\n\n<li><strong>Infrastrukturkosten<\/strong>, die optimiert werden k\u00f6nnten<\/li>\n<\/ul>\n\n<h2 class=\"wp-block-heading\" id=\"monitor-progress-sonic-esb--cx-messenger--sonicmq-with-modern-tools\">Fortschritt \u00fcberwachen Sonic ESB \/ CX Messenger \/ SonicMQ mit modernen Tools<\/h2>\n\n<p>Unser Monitoring-Paket verwandelt Aurea Messenger in eine vollst\u00e4ndig beobachtbare Komponente Ihrer Integrationsarchitektur und unterst\u00fctzt alle wichtigen Monitoring-Plattformen.<\/p>\n\n<h3 class=\"wp-block-heading\" id=\"traffic-light-view-of-connected-systems\">Ampelansicht von vernetzten Systemen<\/h3>\n\n<figure class=\"wp-block-image\"><img decoding=\"async\" src=\"https:\/\/conapi.at\/wp-content\/uploads\/2025\/06\/image.png\" alt=\"&#xDC;bersicht &#xFC;ber das &#xDC;berwachungs-Dashboard von Aurea Messenger\"\/><\/figure>\n\n<p>Erhalten Sie sofortigen Einblick in Ihre Integrationsschicht. Erkennen Sie Anwendungsprobleme sofort. Sogar Situationen der Flusskontrolle werden erkannt und visualisiert.  <\/p>\n\n<h2 class=\"wp-block-heading\" id=\"supported-monitoring-platforms\">Unterst\u00fctzte \u00dcberwachungsplattformen<\/h2>\n\n<h3 class=\"wp-block-heading\" id=\"grafana--prometheus-integration\">Grafana + Prometheus Integration<\/h3>\n\n<ul class=\"wp-block-list\">\n<li>Native Prometheus-Metriken exportieren<\/li>\n\n\n\n<li>Vorgefertigte Grafana Dashboards f\u00fcr die \u00dcberwachung von Warteschlangen<\/li>\n\n\n\n<li>Benutzerdefinierte Alarmierungsregeln f\u00fcr Schwellenwert\u00fcberschreitungen<\/li>\n\n\n\n<li>Zeitserienanalyse des Nachrichtendurchsatzes<\/li>\n<\/ul>\n\n<h3 class=\"wp-block-heading\" id=\"elastic-stack-elasticsearch--kibana\">Elastic Stack (Elasticsearch + Kibana)<\/h3>\n\n<ul class=\"wp-block-list\">\n<li>Echtzeit-Protokollsammlung von Aurea Messenger<\/li>\n\n\n\n<li>Kibana Dashboards f\u00fcr operative Einblicke<\/li>\n\n\n\n<li>Erweiterte Suchfunktionen f\u00fcr den gesamten Nachrichtenfluss<\/li>\n\n\n\n<li>Integration in bestehende ELK-Stack-Implementierungen<\/li>\n<\/ul>\n\n<h3 class=\"wp-block-heading\" id=\"splunk-enterprise\">Splunk Enterprise<\/h3>\n\n<ul class=\"wp-block-list\">\n<li>Strukturierte Ereignisweiterleitung an Splunk<\/li>\n\n\n\n<li>Benutzerdefinierte Splunk-Anwendungen f\u00fcr die \u00dcberwachung ESB <\/li>\n\n\n\n<li>Korrelation mit anderen Unternehmenssystemen<\/li>\n\n\n\n<li>Erweiterte Analysen und Berichte<\/li>\n<\/ul>\n\n<h3 class=\"wp-block-heading\" id=\"additional-platform-support\">Zus\u00e4tzliche Plattform-Unterst\u00fctzung: <a href=\"http:\/\/conapi.at\/#contact\"><strong>Kontaktieren Sie uns<\/strong><\/a><\/h3>\n\n<h2 class=\"wp-block-heading\" id=\"real-time-esb-metrics--alerting\">Echtzeit ESB Metriken &amp; Warnungen<\/h2>\n\n<h3 class=\"wp-block-heading\" id=\"core-monitoring-capabilities\">Kernfunktionen der \u00dcberwachung<\/h3>\n\n<p><strong>\u00dcberwachung der Warteschlangenleistung<\/strong><\/p>\n\n<ul class=\"wp-block-list\">\n<li>F\u00fcllstand der Warteschlange in Prozent<\/li>\n\n\n\n<li>Durchsatzraten f\u00fcr Nachrichten (Nachrichten\/Sekunde)<\/li>\n\n\n\n<li>Durchschnittliche Bearbeitungszeit f\u00fcr Nachrichten<\/li>\n\n\n\n<li>Warnungen f\u00fcr die Anh\u00e4ufung toter Briefe in der Warteschlange<\/li>\n<\/ul>\n\n<p><strong>\u00dcberwachung der Systemressourcen<\/strong><\/p>\n\n<ul class=\"wp-block-list\">\n<li>Auslastung des Container-Heaps in Prozent<\/li>\n\n\n\n<li>CPU-Auslastung pro Messaging Broker<\/li>\n\n\n\n<li>Metriken f\u00fcr Speicherzuweisung und Garbage Collection<\/li>\n\n\n\n<li>Netzwerk-E\/A-Statistiken f\u00fcr das Message Routing<\/li>\n<\/ul>\n\n<p><strong>Einblicke auf Anwendungsebene<\/strong><\/p>\n\n<ul class=\"wp-block-list\">\n<li>Metriken pro Benutzer\/System\/Anwendung<\/li>\n\n\n\n<li>Dauerhafte Abonnement\u00fcberwachung und Gesundheit<\/li>\n\n\n\n<li>Auslastung des Verbindungspools<\/li>\n\n\n\n<li>Raten f\u00fcr Transaktions-Rollbacks<\/li>\n<\/ul>\n\n<h3 class=\"wp-block-heading\" id=\"example-operations-dashboard\">Beispiel Operations Dashboard<\/h3>\n\n<figure class=\"wp-block-image\"><img decoding=\"async\" src=\"https:\/\/conapi.at\/wp-content\/uploads\/2024\/04\/dashboard-1024x450.png\" alt=\"Aurea Messenger Operations-Dashboard\"\/><\/figure>\n\n<h2 class=\"wp-block-heading\" id=\"how-to-monitor-aurea-messenger-with-grafana\">So \u00fcberwachen Sie Aurea Messenger mit Grafana<\/h2>\n\n<p><strong>Schritt 1: Metrics Exposure<\/strong> Unser Monitoring Agent stellt Metriken und Benachrichtigungen von Aurea Messenger Services und Brokern im Prometheus-Format zur Verf\u00fcgung und erm\u00f6glicht so eine native Grafana-Integration ohne Leistungseinbu\u00dfen.<\/p>\n\n<p><strong>Schritt 2: Dashboard-Konfiguration<\/strong><br\/>Vorkonfigurierte Grafana-Dashboards bieten sofortigen Einblick in:<\/p>\n\n<ul class=\"wp-block-list\">\n<li>Tiefe der Nachrichtenwarteschlangen und Verarbeitungsraten<\/li>\n\n\n\n<li>Gesundheit und Ressourcennutzung vermitteln<\/li>\n\n\n\n<li>End-to-End-Visualisierung des Nachrichtenflusses<\/li>\n\n\n\n<li>Korrelation von Alarmen in Ihrer gesamten Integrationslandschaft<\/li>\n<\/ul>\n\n<p><strong>Schritt 3: Einrichtung von Alarmen<\/strong> Konfigurieren Sie intelligente Alarme, die ausgel\u00f6st werden, wenn:<\/p>\n\n<ul class=\"wp-block-list\">\n<li>Schwellenwerte f\u00fcr die Warteschlangentiefe (pro Warteschlange konfigurierbar)<\/li>\n\n\n\n<li>Anomalien bei der Bearbeitungszeit<\/li>\n\n\n\n<li>Speichernutzungsmuster, die auf m\u00f6gliche Lecks hinweisen<\/li>\n\n\n\n<li>Verbindungsabbr\u00fcche und Wiederholungsmuster<\/li>\n<\/ul>\n\n<h2 class=\"wp-block-heading\" id=\"progress-sonic-esb-queue-monitoring-best-practices\">Progress Sonic ESB \u00dcberwachung von Warteschlangen Bew\u00e4hrte Praktiken<\/h2>\n\n<h3 class=\"wp-block-heading\" id=\"queue-depth-management\">Verwaltung der Warteschlangentiefe<\/h3>\n\n<p>\u00dcberwachen Sie den F\u00fcllungsgrad der Warteschlangen als Prozentsatz und nicht als absolute Zahl. Dieser Ansatz l\u00e4sst sich \u00fcber verschiedene Umgebungen hinweg skalieren und bietet konsistente Warnschwellenwerte. <\/p>\n\n<h3 class=\"wp-block-heading\" id=\"durable-subscription-health\">Dauerhaftes Abonnement Gesundheit<\/h3>\n\n<p>Verfolgen Sie den Zustand von dauerhaften Abonnements, um eine Anh\u00e4ufung von Nachrichten zu verhindern, die die Leistung des Brokers und die Speichernutzung beeintr\u00e4chtigen kann.<\/p>\n\n<h3 class=\"wp-block-heading\" id=\"flow-control-recognition\">Erkennung der Flusskontrolle<\/h3>\n\n<p>Erkennen Sie Situationen der Flusskontrolle, bevor sie den Gesch\u00e4ftsbetrieb beeintr\u00e4chtigen. Unsere \u00dcberwachung erkennt, wenn Produzenten gedrosselt werden, und bietet Einblick in die Ursachen. <\/p>\n\n<h2 class=\"wp-block-heading\" id=\"aurea-messenger-performance-monitoring-features\">Aurea Messenger Leistungs\u00fcberwachung Funktionen<\/h2>\n\n<h3 class=\"wp-block-heading\" id=\"metrics--notifications-extraction\">Extraktion von Metriken und Benachrichtigungen<\/h3>\n\n<ul class=\"wp-block-list\">\n<li><strong>Nicht-intrusive \u00dcberwachung<\/strong>, die die Leistung der Nachrichtenverarbeitung nicht beeintr\u00e4chtigt<\/li>\n\n\n\n<li><strong>Umfassende Metrikabdeckung<\/strong> einschlie\u00dflich Broker-, Warteschlangen- und Verbindungsstatistiken<\/li>\n\n\n\n<li><strong>Benachrichtigungen<\/strong> einschlie\u00dflich Flusskontrollbenachrichtigungen<\/li>\n\n\n\n<li><strong>Datenexport in Echtzeit<\/strong> mit konfigurierbaren Erfassungsintervallen<\/li>\n\n\n\n<li><strong>Historische Trends<\/strong> f\u00fcr die Kapazit\u00e4tsplanung und Leistungsanalyse<\/li>\n<\/ul>\n\n<h3 class=\"wp-block-heading\" id=\"container-memory-monitoring\">\u00dcberwachung des Containerspeichers<\/h3>\n\n<ul class=\"wp-block-list\">\n<li>Verfolgung der Heap-Nutzung<\/li>\n\n\n\n<li>Erkenntnisse zur Erkennung von Speicherlecks<\/li>\n<\/ul>\n\n<h2 class=\"wp-block-heading\" id=\"esb-cloud-monitoring-package-features\">ESB Funktionen des Cloud Monitoring Pakets<\/h2>\n\n<p>\u2705 <strong>Bereitstellung von Metriken und Benachrichtigungen f\u00fcr Dashboards<\/strong><br\/>\u2705 <strong>Funktioniert mit der Standard und Enterprise Edition<\/strong><br\/>\u2705 <strong>Unabh\u00e4ngig von Event Monitor oder Elastic Offloading<\/strong><br\/>\u2705 <strong>Verschiedene Monitoring-Plattformen werden unterst\u00fctzt<\/strong> (Grafana\/Prometheus, Splunk, Elastic\/Kibana)<br\/>\u2705 <strong>Zus\u00e4tzliche Metriken<\/strong>: Pro Benutzer\/System\/Anwendung, Dauerhafte Abonnements, Queue Fill %, Container Heap %<\/p>\n\n<h2 class=\"wp-block-heading\" id=\"ready-to-get-visibility-into-your-aurea-messenger-infrastructure\">Sind Sie bereit, Einblick in Ihre Aurea Messenger-Infrastruktur zu nehmen?<\/h2>\n\n<p>H\u00f6ren Sie auf, \u00fcber die Leistung Ihrer ESB zu raten. Verschaffen Sie sich die \u00dcberwachungstransparenz, die Ihre Integrationsarchitektur verdient. <\/p>\n\n<p><strong><a href=\"http:\/\/conapi.at\/#contact\">Kontaktieren Sie uns<\/a><\/strong> um zu besprechen, wie unser Aurea Messenger \u00dcberwachungspaket in Ihr bestehendes DevOps-\u00dcberwachungspaket integriert werden kann und Ihnen die n\u00f6tigen Einblicke in den Betrieb gew\u00e4hrt.<\/p>\n\n<div style=\"height:132px\" aria-hidden=\"true\" class=\"wp-block-spacer\"><\/div>\n\n<div class=\"wp-block-group alignwide cta-container\"><div class=\"wp-block-group__inner-container is-layout-constrained wp-block-group-is-layout-constrained\">\n<h2 class=\"wp-block-heading has-text-align-center hestia-title question-mark\">Sind Sie bereit, sich einen \u00dcberblick \u00fcber Ihre Messaging-Infrastruktur zu verschaffen?<\/h2>\n\n\n\n<div class=\"wp-block-buttons is-content-justification-center is-layout-flex wp-container-core-buttons-is-layout-a89b3969 wp-block-buttons-is-layout-flex\">\n<div class=\"wp-block-button contactus-btn\"><a class=\"wp-block-button__link wp-element-button\" href=\"https:\/\/conapi.at\/#contact\">Kontaktieren Sie uns<\/a><\/div>\n<\/div>\n<\/div><\/div>\n","protected":false},"excerpt":{"rendered":"<p>H\u00f6ren Sie auf, mit Ihrer ESB Infrastruktur im Blindflug zu fliegen. Verschaffen Sie sich in Echtzeit einen \u00dcberblick \u00fcber Aurea Messenger (ehemals Progress Sonic ESB, CX Messenger, SonicMQ) mit einer unternehmensgerechten \u00dcberwachung, die sich nahtlos in Ihren bestehenden DevOps-Stack integriert. &#8222;ESB ist f\u00fcr uns eine Blackbox und wir hoffen, dass [&hellip;]<\/p>\n","protected":false},"author":1,"featured_media":0,"parent":0,"menu_order":0,"comment_status":"closed","ping_status":"closed","template":"","meta":{"_monsterinsights_skip_tracking":false,"_monsterinsights_sitenote_active":false,"_monsterinsights_sitenote_note":"","_monsterinsights_sitenote_category":0,"_themeisle_gutenberg_block_has_review":false,"footnotes":""},"class_list":["post-3726","page","type-page","status-publish","hentry"],"yoast_head":"<!-- This site is optimized with the Yoast SEO plugin v27.4 - https:\/\/yoast.com\/product\/yoast-seo-wordpress\/ -->\n<title>Aurea Messenger \u00dcberwachung mit Grafana, Prometheus, Kibana &amp; Elastic - conapi GmbH<\/title>\n<meta name=\"description\" content=\"Aurea Messenger (Progress Sonic ESB) ist eine \u00dcberwachungsl\u00f6sung. Unterst\u00fctzt Grafana, Prometheus, Elastic, Kibana und mehr.\" \/>\n<meta name=\"robots\" content=\"index, follow, max-snippet:-1, max-image-preview:large, max-video-preview:-1\" \/>\n<link rel=\"canonical\" href=\"https:\/\/conapi.at\/de\/aurea-messenger-ueberwachung-mit-grafana-prometheus-kibana-elastic\/\" \/>\n<meta property=\"og:locale\" content=\"de_DE\" \/>\n<meta property=\"og:type\" content=\"article\" \/>\n<meta property=\"og:title\" content=\"Aurea Messenger \u00dcberwachung mit Grafana, Prometheus, Kibana &amp; Elastic - conapi GmbH\" \/>\n<meta property=\"og:description\" content=\"Aurea Messenger (Progress Sonic ESB) ist eine \u00dcberwachungsl\u00f6sung. Unterst\u00fctzt Grafana, Prometheus, Elastic, Kibana und mehr.\" \/>\n<meta property=\"og:url\" content=\"https:\/\/conapi.at\/de\/aurea-messenger-ueberwachung-mit-grafana-prometheus-kibana-elastic\/\" \/>\n<meta property=\"og:site_name\" content=\"conapi GmbH\" \/>\n<meta property=\"article:modified_time\" content=\"2025-07-16T08:29:35+00:00\" \/>\n<meta property=\"og:image\" content=\"https:\/\/conapi.at\/wp-content\/uploads\/2025\/06\/image.png\" \/>\n<meta name=\"twitter:card\" content=\"summary_large_image\" \/>\n<meta name=\"twitter:label1\" content=\"Gesch\u00e4tzte Lesezeit\" \/>\n\t<meta name=\"twitter:data1\" content=\"4\u00a0Minuten\" \/>\n<script type=\"application\/ld+json\" class=\"yoast-schema-graph\">{\"@context\":\"https:\\\/\\\/schema.org\",\"@graph\":[{\"@type\":\"WebPage\",\"@id\":\"https:\\\/\\\/conapi.at\\\/de\\\/aurea-messenger-ueberwachung-mit-grafana-prometheus-kibana-elastic\\\/\",\"url\":\"https:\\\/\\\/conapi.at\\\/de\\\/aurea-messenger-ueberwachung-mit-grafana-prometheus-kibana-elastic\\\/\",\"name\":\"Aurea Messenger \u00dcberwachung mit Grafana, Prometheus, Kibana &amp; Elastic - conapi GmbH\",\"isPartOf\":{\"@id\":\"https:\\\/\\\/conapi.at\\\/de\\\/#website\"},\"primaryImageOfPage\":{\"@id\":\"https:\\\/\\\/conapi.at\\\/de\\\/aurea-messenger-ueberwachung-mit-grafana-prometheus-kibana-elastic\\\/#primaryimage\"},\"image\":{\"@id\":\"https:\\\/\\\/conapi.at\\\/de\\\/aurea-messenger-ueberwachung-mit-grafana-prometheus-kibana-elastic\\\/#primaryimage\"},\"thumbnailUrl\":\"https:\\\/\\\/conapi.at\\\/wp-content\\\/uploads\\\/2025\\\/06\\\/image.png\",\"datePublished\":\"2024-04-19T06:12:20+00:00\",\"dateModified\":\"2025-07-16T08:29:35+00:00\",\"description\":\"Aurea Messenger (Progress Sonic ESB) ist eine \u00dcberwachungsl\u00f6sung. Unterst\u00fctzt Grafana, Prometheus, Elastic, Kibana und mehr.\",\"breadcrumb\":{\"@id\":\"https:\\\/\\\/conapi.at\\\/de\\\/aurea-messenger-ueberwachung-mit-grafana-prometheus-kibana-elastic\\\/#breadcrumb\"},\"inLanguage\":\"de\",\"potentialAction\":[{\"@type\":\"ReadAction\",\"target\":[\"https:\\\/\\\/conapi.at\\\/de\\\/aurea-messenger-ueberwachung-mit-grafana-prometheus-kibana-elastic\\\/\"]}]},{\"@type\":\"ImageObject\",\"inLanguage\":\"de\",\"@id\":\"https:\\\/\\\/conapi.at\\\/de\\\/aurea-messenger-ueberwachung-mit-grafana-prometheus-kibana-elastic\\\/#primaryimage\",\"url\":\"https:\\\/\\\/conapi.at\\\/wp-content\\\/uploads\\\/2025\\\/06\\\/image.png\",\"contentUrl\":\"https:\\\/\\\/conapi.at\\\/wp-content\\\/uploads\\\/2025\\\/06\\\/image.png\"},{\"@type\":\"BreadcrumbList\",\"@id\":\"https:\\\/\\\/conapi.at\\\/de\\\/aurea-messenger-ueberwachung-mit-grafana-prometheus-kibana-elastic\\\/#breadcrumb\",\"itemListElement\":[{\"@type\":\"ListItem\",\"position\":1,\"name\":\"Home\",\"item\":\"https:\\\/\\\/conapi.at\\\/de\\\/\"},{\"@type\":\"ListItem\",\"position\":2,\"name\":\"Aurea Messenger \u00dcberwachung mit Grafana, Prometheus, Kibana &amp; Elastic\"}]},{\"@type\":\"WebSite\",\"@id\":\"https:\\\/\\\/conapi.at\\\/de\\\/#website\",\"url\":\"https:\\\/\\\/conapi.at\\\/de\\\/\",\"name\":\"conapi GmbH\",\"description\":\"\",\"publisher\":{\"@id\":\"https:\\\/\\\/conapi.at\\\/de\\\/#organization\"},\"potentialAction\":[{\"@type\":\"SearchAction\",\"target\":{\"@type\":\"EntryPoint\",\"urlTemplate\":\"https:\\\/\\\/conapi.at\\\/de\\\/?s={search_term_string}\"},\"query-input\":{\"@type\":\"PropertyValueSpecification\",\"valueRequired\":true,\"valueName\":\"search_term_string\"}}],\"inLanguage\":\"de\"},{\"@type\":\"Organization\",\"@id\":\"https:\\\/\\\/conapi.at\\\/de\\\/#organization\",\"name\":\"conapi GmbH\",\"url\":\"https:\\\/\\\/conapi.at\\\/de\\\/\",\"logo\":{\"@type\":\"ImageObject\",\"inLanguage\":\"de\",\"@id\":\"https:\\\/\\\/conapi.at\\\/de\\\/#\\\/schema\\\/logo\\\/image\\\/\",\"url\":\"https:\\\/\\\/conapi.at\\\/wp-content\\\/uploads\\\/2024\\\/11\\\/500x500_dkpurple_lime.png\",\"contentUrl\":\"https:\\\/\\\/conapi.at\\\/wp-content\\\/uploads\\\/2024\\\/11\\\/500x500_dkpurple_lime.png\",\"width\":500,\"height\":500,\"caption\":\"conapi GmbH\"},\"image\":{\"@id\":\"https:\\\/\\\/conapi.at\\\/de\\\/#\\\/schema\\\/logo\\\/image\\\/\"},\"sameAs\":[\"https:\\\/\\\/www.linkedin.com\\\/company\\\/conapi-gmbh\"]}]}<\/script>\n<!-- \/ Yoast SEO plugin. -->","yoast_head_json":{"title":"Aurea Messenger \u00dcberwachung mit Grafana, Prometheus, Kibana &amp; Elastic - conapi GmbH","description":"Aurea Messenger (Progress Sonic ESB) ist eine \u00dcberwachungsl\u00f6sung. Unterst\u00fctzt Grafana, Prometheus, Elastic, Kibana und mehr.","robots":{"index":"index","follow":"follow","max-snippet":"max-snippet:-1","max-image-preview":"max-image-preview:large","max-video-preview":"max-video-preview:-1"},"canonical":"https:\/\/conapi.at\/de\/aurea-messenger-ueberwachung-mit-grafana-prometheus-kibana-elastic\/","og_locale":"de_DE","og_type":"article","og_title":"Aurea Messenger \u00dcberwachung mit Grafana, Prometheus, Kibana &amp; Elastic - conapi GmbH","og_description":"Aurea Messenger (Progress Sonic ESB) ist eine \u00dcberwachungsl\u00f6sung. Unterst\u00fctzt Grafana, Prometheus, Elastic, Kibana und mehr.","og_url":"https:\/\/conapi.at\/de\/aurea-messenger-ueberwachung-mit-grafana-prometheus-kibana-elastic\/","og_site_name":"conapi GmbH","article_modified_time":"2025-07-16T08:29:35+00:00","og_image":[{"url":"https:\/\/conapi.at\/wp-content\/uploads\/2025\/06\/image.png","type":"","width":"","height":""}],"twitter_card":"summary_large_image","twitter_misc":{"Gesch\u00e4tzte Lesezeit":"4\u00a0Minuten"},"schema":{"@context":"https:\/\/schema.org","@graph":[{"@type":"WebPage","@id":"https:\/\/conapi.at\/de\/aurea-messenger-ueberwachung-mit-grafana-prometheus-kibana-elastic\/","url":"https:\/\/conapi.at\/de\/aurea-messenger-ueberwachung-mit-grafana-prometheus-kibana-elastic\/","name":"Aurea Messenger \u00dcberwachung mit Grafana, Prometheus, Kibana &amp; Elastic - conapi GmbH","isPartOf":{"@id":"https:\/\/conapi.at\/de\/#website"},"primaryImageOfPage":{"@id":"https:\/\/conapi.at\/de\/aurea-messenger-ueberwachung-mit-grafana-prometheus-kibana-elastic\/#primaryimage"},"image":{"@id":"https:\/\/conapi.at\/de\/aurea-messenger-ueberwachung-mit-grafana-prometheus-kibana-elastic\/#primaryimage"},"thumbnailUrl":"https:\/\/conapi.at\/wp-content\/uploads\/2025\/06\/image.png","datePublished":"2024-04-19T06:12:20+00:00","dateModified":"2025-07-16T08:29:35+00:00","description":"Aurea Messenger (Progress Sonic ESB) ist eine \u00dcberwachungsl\u00f6sung. Unterst\u00fctzt Grafana, Prometheus, Elastic, Kibana und mehr.","breadcrumb":{"@id":"https:\/\/conapi.at\/de\/aurea-messenger-ueberwachung-mit-grafana-prometheus-kibana-elastic\/#breadcrumb"},"inLanguage":"de","potentialAction":[{"@type":"ReadAction","target":["https:\/\/conapi.at\/de\/aurea-messenger-ueberwachung-mit-grafana-prometheus-kibana-elastic\/"]}]},{"@type":"ImageObject","inLanguage":"de","@id":"https:\/\/conapi.at\/de\/aurea-messenger-ueberwachung-mit-grafana-prometheus-kibana-elastic\/#primaryimage","url":"https:\/\/conapi.at\/wp-content\/uploads\/2025\/06\/image.png","contentUrl":"https:\/\/conapi.at\/wp-content\/uploads\/2025\/06\/image.png"},{"@type":"BreadcrumbList","@id":"https:\/\/conapi.at\/de\/aurea-messenger-ueberwachung-mit-grafana-prometheus-kibana-elastic\/#breadcrumb","itemListElement":[{"@type":"ListItem","position":1,"name":"Home","item":"https:\/\/conapi.at\/de\/"},{"@type":"ListItem","position":2,"name":"Aurea Messenger \u00dcberwachung mit Grafana, Prometheus, Kibana &amp; Elastic"}]},{"@type":"WebSite","@id":"https:\/\/conapi.at\/de\/#website","url":"https:\/\/conapi.at\/de\/","name":"conapi GmbH","description":"","publisher":{"@id":"https:\/\/conapi.at\/de\/#organization"},"potentialAction":[{"@type":"SearchAction","target":{"@type":"EntryPoint","urlTemplate":"https:\/\/conapi.at\/de\/?s={search_term_string}"},"query-input":{"@type":"PropertyValueSpecification","valueRequired":true,"valueName":"search_term_string"}}],"inLanguage":"de"},{"@type":"Organization","@id":"https:\/\/conapi.at\/de\/#organization","name":"conapi GmbH","url":"https:\/\/conapi.at\/de\/","logo":{"@type":"ImageObject","inLanguage":"de","@id":"https:\/\/conapi.at\/de\/#\/schema\/logo\/image\/","url":"https:\/\/conapi.at\/wp-content\/uploads\/2024\/11\/500x500_dkpurple_lime.png","contentUrl":"https:\/\/conapi.at\/wp-content\/uploads\/2024\/11\/500x500_dkpurple_lime.png","width":500,"height":500,"caption":"conapi GmbH"},"image":{"@id":"https:\/\/conapi.at\/de\/#\/schema\/logo\/image\/"},"sameAs":["https:\/\/www.linkedin.com\/company\/conapi-gmbh"]}]}},"yoast_meta":{"yoast_wpseo_title":"","yoast_wpseo_metadesc":"","yoast_wpseo_canonical":""},"_links":{"self":[{"href":"https:\/\/conapi.at\/de\/wp-json\/wp\/v2\/pages\/3726","targetHints":{"allow":["GET"]}}],"collection":[{"href":"https:\/\/conapi.at\/de\/wp-json\/wp\/v2\/pages"}],"about":[{"href":"https:\/\/conapi.at\/de\/wp-json\/wp\/v2\/types\/page"}],"author":[{"embeddable":true,"href":"https:\/\/conapi.at\/de\/wp-json\/wp\/v2\/users\/1"}],"replies":[{"embeddable":true,"href":"https:\/\/conapi.at\/de\/wp-json\/wp\/v2\/comments?post=3726"}],"version-history":[{"count":4,"href":"https:\/\/conapi.at\/de\/wp-json\/wp\/v2\/pages\/3726\/revisions"}],"predecessor-version":[{"id":3732,"href":"https:\/\/conapi.at\/de\/wp-json\/wp\/v2\/pages\/3726\/revisions\/3732"}],"wp:attachment":[{"href":"https:\/\/conapi.at\/de\/wp-json\/wp\/v2\/media?parent=3726"}],"curies":[{"name":"wp","href":"https:\/\/api.w.org\/{rel}","templated":true}]}}