{"id":3754,"date":"2025-03-25T14:34:48","date_gmt":"2025-03-25T13:34:48","guid":{"rendered":"https:\/\/conapi.at\/blogs\/"},"modified":"2025-07-16T11:27:33","modified_gmt":"2025-07-16T09:27:33","slug":"blogs","status":"publish","type":"page","link":"https:\/\/conapi.at\/de\/blogs\/","title":{"rendered":"Blogs"},"content":{"rendered":"\n<div id=\"wp-block-themeisle-blocks-advanced-columns-678b2642\" class=\"wp-block-themeisle-blocks-advanced-columns has-1-columns has-desktop-equal-layout has-tablet-equal-layout has-mobile-equal-layout has-vertical-unset\"><div class=\"wp-block-themeisle-blocks-advanced-columns-overlay\"><\/div><div class=\"innerblocks-wrap\">\n<div id=\"wp-block-themeisle-blocks-advanced-column-d16a9fb9\" class=\"wp-block-themeisle-blocks-advanced-column\"><div class=\"wp-block-themeisle-blocks-posts-grid\" id=\"wp-block-themeisle-blocks-posts-grid-73e84177\"><div class=\"is-grid o-posts-grid-columns-3\"><div class=\"o-posts-grid-post-blog o-posts-grid-post-plain\"><div class=\"o-posts-grid-post\"><div class=\"o-posts-grid-post-image\"><a href=\"https:\/\/conapi.at\/de\/business-workflow-as-api\/\"><img loading=\"lazy\" decoding=\"async\" width=\"300\" height=\"157\" src=\"https:\/\/conapi.at\/wp-content\/uploads\/2025\/08\/api-vs-workflow-300x157.png\" class=\"attachment-medium size-medium\" alt=\"Business Workflow as API: When Simple APIs Aren&#8217;t Enough\" srcset=\"https:\/\/conapi.at\/wp-content\/uploads\/2025\/08\/api-vs-workflow-300x157.png 300w, https:\/\/conapi.at\/wp-content\/uploads\/2025\/08\/api-vs-workflow-1024x536.png 1024w, https:\/\/conapi.at\/wp-content\/uploads\/2025\/08\/api-vs-workflow-768x402.png 768w, https:\/\/conapi.at\/wp-content\/uploads\/2025\/08\/api-vs-workflow.png 1200w\" sizes=\"(max-width: 300px) 100vw, 300px\" \/><\/a><\/div><div class=\"o-posts-grid-post-body\"><span class=\"o-posts-grid-post-category\"><a href=\"https:\/\/conapi.at\/de\/category\/business\/\">Business<\/a><\/span><h4 class=\"o-posts-grid-post-title\"><a href=\"https:\/\/conapi.at\/de\/business-workflow-as-api\/\">Business Workflow as API: When Simple APIs Aren&#8217;t Enough<\/a><\/h4><div class=\"o-posts-grid-post-description\"><p>What if your complex business workflows could be accessed as simple APIs? Your partner wants to subm\u2026<\/p><a class=\"o-posts-read-more\" href=\"https:\/\/conapi.at\/de\/business-workflow-as-api\/\">Read More<\/a><\/div><\/div><\/div><\/div><div class=\"o-posts-grid-post-blog o-posts-grid-post-plain\"><div class=\"o-posts-grid-post\"><div class=\"o-posts-grid-post-image\"><a href=\"https:\/\/conapi.at\/de\/gravitee-kestra-integration-apis-workflows\/\"><img loading=\"lazy\" decoding=\"async\" width=\"300\" height=\"157\" src=\"https:\/\/conapi.at\/wp-content\/uploads\/2025\/08\/gravitee-kestra-2-1-300x157.png\" class=\"attachment-medium size-medium\" alt=\"Gravitee Kestra Integration: Bridging APIs and Workflows\" srcset=\"https:\/\/conapi.at\/wp-content\/uploads\/2025\/08\/gravitee-kestra-2-1-300x157.png 300w, https:\/\/conapi.at\/wp-content\/uploads\/2025\/08\/gravitee-kestra-2-1-1024x536.png 1024w, https:\/\/conapi.at\/wp-content\/uploads\/2025\/08\/gravitee-kestra-2-1-768x402.png 768w, https:\/\/conapi.at\/wp-content\/uploads\/2025\/08\/gravitee-kestra-2-1.png 1200w\" sizes=\"(max-width: 300px) 100vw, 300px\" \/><\/a><\/div><div class=\"o-posts-grid-post-body\"><span class=\"o-posts-grid-post-category\"><a href=\"https:\/\/conapi.at\/de\/category\/practical\/\">Practical<\/a><\/span><h4 class=\"o-posts-grid-post-title\"><a href=\"https:\/\/conapi.at\/de\/gravitee-kestra-integration-apis-workflows\/\">Gravitee Kestra Integration: Bridging APIs and Workflows<\/a><\/h4><div class=\"o-posts-grid-post-description\"><p>Solve async-to-sync API challenges with enterprise workflow automation Every API call tells a story.\u2026<\/p><a class=\"o-posts-read-more\" href=\"https:\/\/conapi.at\/de\/gravitee-kestra-integration-apis-workflows\/\">Read More<\/a><\/div><\/div><\/div><\/div><div class=\"o-posts-grid-post-blog o-posts-grid-post-plain\"><div class=\"o-posts-grid-post\"><div class=\"o-posts-grid-post-image\"><a href=\"https:\/\/conapi.at\/de\/kestra-jms-integration-trigger-send-receive\/\"><img loading=\"lazy\" decoding=\"async\" width=\"300\" height=\"157\" src=\"https:\/\/conapi.at\/wp-content\/uploads\/2025\/08\/kestra-meets-jms-300x157.png\" class=\"attachment-medium size-medium\" alt=\"Kestra JMS Integration: Trigger, Send, and Receive Components\" srcset=\"https:\/\/conapi.at\/wp-content\/uploads\/2025\/08\/kestra-meets-jms-300x157.png 300w, https:\/\/conapi.at\/wp-content\/uploads\/2025\/08\/kestra-meets-jms-1024x536.png 1024w, https:\/\/conapi.at\/wp-content\/uploads\/2025\/08\/kestra-meets-jms-768x402.png 768w, https:\/\/conapi.at\/wp-content\/uploads\/2025\/08\/kestra-meets-jms.png 1200w\" sizes=\"(max-width: 300px) 100vw, 300px\" \/><\/a><\/div><div class=\"o-posts-grid-post-body\"><span class=\"o-posts-grid-post-category\"><a href=\"https:\/\/conapi.at\/de\/category\/solutions\/\">Solutions<\/a><\/span><h4 class=\"o-posts-grid-post-title\"><a href=\"https:\/\/conapi.at\/de\/kestra-jms-integration-trigger-send-receive\/\">Kestra JMS Integration: Trigger, Send, and Receive Components<\/a><\/h4><div class=\"o-posts-grid-post-description\"><p>Building one JMS component for Kestra? We built three Kestra is revolutionizing workflow automation \u2026<\/p><a class=\"o-posts-read-more\" href=\"https:\/\/conapi.at\/de\/kestra-jms-integration-trigger-send-receive\/\">Read More<\/a><\/div><\/div><\/div><\/div><div class=\"o-posts-grid-post-blog o-posts-grid-post-plain\"><div class=\"o-posts-grid-post\"><div class=\"o-posts-grid-post-image\"><a href=\"https:\/\/conapi.at\/de\/fallstudie-erp-api-sicherheitsluecke\/\"><img loading=\"lazy\" decoding=\"async\" width=\"300\" height=\"300\" src=\"https:\/\/conapi.at\/wp-content\/uploads\/2025\/06\/erp_crown_jewels-300x300.jpeg\" class=\"attachment-medium size-medium\" alt=\"ERP crown jewels\" srcset=\"https:\/\/conapi.at\/wp-content\/uploads\/2025\/06\/erp_crown_jewels-300x300.jpeg 300w, https:\/\/conapi.at\/wp-content\/uploads\/2025\/06\/erp_crown_jewels-1024x1024.jpeg 1024w, https:\/\/conapi.at\/wp-content\/uploads\/2025\/06\/erp_crown_jewels-150x150.jpeg 150w, https:\/\/conapi.at\/wp-content\/uploads\/2025\/06\/erp_crown_jewels-768x768.jpeg 768w, https:\/\/conapi.at\/wp-content\/uploads\/2025\/06\/erp_crown_jewels.jpeg 1200w\" sizes=\"(max-width: 300px) 100vw, 300px\" \/><\/a><\/div><div class=\"o-posts-grid-post-body\"><span class=\"o-posts-grid-post-category\"><a href=\"https:\/\/conapi.at\/de\/category\/beispiele-aus-der-realen-welt\/\">Beispiele aus der realen Welt<\/a><\/span><h4 class=\"o-posts-grid-post-title\"><a href=\"https:\/\/conapi.at\/de\/fallstudie-erp-api-sicherheitsluecke\/\">Fallstudie: ERP API Sicherheitsl\u00fccke kostet Distributor 1,8 Millionen Euro<\/a><\/h4><div class=\"o-posts-grid-post-description\"><p>Die E-Mail kam um 08:47 Uhr an einem Dienstagmorgen an: F\u00fcr einen unserer gr\u00f6\u00dften Kunden, einen ange\u2026<\/p><a class=\"o-posts-read-more\" href=\"https:\/\/conapi.at\/de\/fallstudie-erp-api-sicherheitsluecke\/\">Read More<\/a><\/div><\/div><\/div><\/div><div class=\"o-posts-grid-post-blog o-posts-grid-post-plain\"><div class=\"o-posts-grid-post\"><div class=\"o-posts-grid-post-image\"><a href=\"https:\/\/conapi.at\/de\/wie-sie-mit-managed-api-services-ihre-it-kosten-senken-koennen-ohne-abstriche-zu-machen\/\"><img loading=\"lazy\" decoding=\"async\" width=\"300\" height=\"164\" src=\"https:\/\/conapi.at\/wp-content\/uploads\/2025\/05\/managedapi-300x164.jpg\" class=\"attachment-medium size-medium\" alt=\"Wie Sie mit Managed API Services Ihre IT-Kosten senken k\u00f6nnen, ohne Abstriche zu machen\" srcset=\"https:\/\/conapi.at\/wp-content\/uploads\/2025\/05\/managedapi-300x164.jpg 300w, https:\/\/conapi.at\/wp-content\/uploads\/2025\/05\/managedapi-1024x559.jpg 1024w, https:\/\/conapi.at\/wp-content\/uploads\/2025\/05\/managedapi-768x419.jpg 768w, https:\/\/conapi.at\/wp-content\/uploads\/2025\/05\/managedapi-1536x838.jpg 1536w, https:\/\/conapi.at\/wp-content\/uploads\/2025\/05\/managedapi.jpg 2048w\" sizes=\"(max-width: 300px) 100vw, 300px\" \/><\/a><\/div><div class=\"o-posts-grid-post-body\"><span class=\"o-posts-grid-post-category\"><a href=\"https:\/\/conapi.at\/de\/category\/business-de\/\">Business<\/a><\/span><h4 class=\"o-posts-grid-post-title\"><a href=\"https:\/\/conapi.at\/de\/wie-sie-mit-managed-api-services-ihre-it-kosten-senken-koennen-ohne-abstriche-zu-machen\/\">Wie Sie mit Managed API Services Ihre IT-Kosten senken k\u00f6nnen, ohne Abstriche zu machen<\/a><\/h4><div class=\"o-posts-grid-post-description\"><p>Wenn das &#8222;Mach schnell mal ein API&#8220; zu einem teuren Unterfangen wird Christian, der IT-D\u2026<\/p><a class=\"o-posts-read-more\" href=\"https:\/\/conapi.at\/de\/wie-sie-mit-managed-api-services-ihre-it-kosten-senken-koennen-ohne-abstriche-zu-machen\/\">Read More<\/a><\/div><\/div><\/div><\/div><div class=\"o-posts-grid-post-blog o-posts-grid-post-plain\"><div class=\"o-posts-grid-post\"><div class=\"o-posts-grid-post-image\"><a href=\"https:\/\/conapi.at\/de\/von-jms-zu-modernen-apis-wie-sie-mit-gravitee-esb-altsysteme-modernisieren\/\"><img loading=\"lazy\" decoding=\"async\" width=\"300\" height=\"169\" src=\"https:\/\/conapi.at\/wp-content\/uploads\/2025\/05\/JMS-Endpoint-2-300x169.png\" class=\"attachment-medium size-medium\" alt=\"Von JMS zu modernen APIs: Wie Sie mit Gravitee ESB Legacy-System modernisieren\" srcset=\"https:\/\/conapi.at\/wp-content\/uploads\/2025\/05\/JMS-Endpoint-2-300x169.png 300w, https:\/\/conapi.at\/wp-content\/uploads\/2025\/05\/JMS-Endpoint-2-1024x576.png 1024w, https:\/\/conapi.at\/wp-content\/uploads\/2025\/05\/JMS-Endpoint-2-768x432.png 768w, https:\/\/conapi.at\/wp-content\/uploads\/2025\/05\/JMS-Endpoint-2-1536x864.png 1536w, https:\/\/conapi.at\/wp-content\/uploads\/2025\/05\/JMS-Endpoint-2.png 1920w\" sizes=\"(max-width: 300px) 100vw, 300px\" \/><\/a><\/div><div class=\"o-posts-grid-post-body\"><span class=\"o-posts-grid-post-category\"><a href=\"https:\/\/conapi.at\/de\/category\/losungen\/\">L\u00f6sungen<\/a><\/span><h4 class=\"o-posts-grid-post-title\"><a href=\"https:\/\/conapi.at\/de\/von-jms-zu-modernen-apis-wie-sie-mit-gravitee-esb-altsysteme-modernisieren\/\">Von JMS zu modernen APIs: Wie Sie mit Gravitee ESB Legacy-System modernisieren<\/a><\/h4><div class=\"o-posts-grid-post-description\"><p>Stellen Sie sich Folgendes vor: Sie kommen am Montagmorgen mit einem Kaffee in der Hand in Ihr B\u00fcro \u2026<\/p><a class=\"o-posts-read-more\" href=\"https:\/\/conapi.at\/de\/von-jms-zu-modernen-apis-wie-sie-mit-gravitee-esb-altsysteme-modernisieren\/\">Read More<\/a><\/div><\/div><\/div><\/div><\/div> <div class=\"o-posts-grid-pag\"><span aria-current=\"page\" class=\"page-numbers current\">1<\/span>\n<a class=\"page-numbers\" href=\"https:\/\/conapi.at\/de\/wp-json\/wp\/v2\/pages\/3754\/?paged=2\">2<\/a>\n<a class=\"next page-numbers\" href=\"https:\/\/conapi.at\/de\/wp-json\/wp\/v2\/pages\/3754\/?paged=2\">Next<\/a><\/div><\/div><\/div>\n<\/div><\/div>\n","protected":false},"excerpt":{"rendered":"","protected":false},"author":3,"featured_media":0,"parent":0,"menu_order":0,"comment_status":"closed","ping_status":"closed","template":"","meta":{"_monsterinsights_skip_tracking":false,"_monsterinsights_sitenote_active":false,"_monsterinsights_sitenote_note":"","_monsterinsights_sitenote_category":0,"_themeisle_gutenberg_block_has_review":false,"footnotes":""},"class_list":["post-3754","page","type-page","status-publish","hentry"],"yoast_head":"<!-- This site is optimized with the Yoast SEO plugin v27.4 - https:\/\/yoast.com\/product\/yoast-seo-wordpress\/ -->\n<title>Blogs - conapi GmbH<\/title>\n<meta name=\"robots\" content=\"index, follow, max-snippet:-1, max-image-preview:large, max-video-preview:-1\" \/>\n<link rel=\"canonical\" href=\"https:\/\/conapi.at\/de\/blogs\/\" \/>\n<meta property=\"og:locale\" content=\"de_DE\" \/>\n<meta property=\"og:type\" content=\"article\" \/>\n<meta property=\"og:title\" content=\"Blogs - conapi GmbH\" \/>\n<meta property=\"og:url\" content=\"https:\/\/conapi.at\/de\/blogs\/\" \/>\n<meta property=\"og:site_name\" content=\"conapi GmbH\" \/>\n<meta property=\"article:modified_time\" content=\"2025-07-16T09:27:33+00:00\" \/>\n<meta name=\"twitter:card\" content=\"summary_large_image\" \/>\n<script type=\"application\/ld+json\" class=\"yoast-schema-graph\">{\"@context\":\"https:\\\/\\\/schema.org\",\"@graph\":[{\"@type\":\"WebPage\",\"@id\":\"https:\\\/\\\/conapi.at\\\/de\\\/blogs\\\/\",\"url\":\"https:\\\/\\\/conapi.at\\\/de\\\/blogs\\\/\",\"name\":\"Blogs - conapi GmbH\",\"isPartOf\":{\"@id\":\"https:\\\/\\\/conapi.at\\\/de\\\/#website\"},\"datePublished\":\"2025-03-25T13:34:48+00:00\",\"dateModified\":\"2025-07-16T09:27:33+00:00\",\"breadcrumb\":{\"@id\":\"https:\\\/\\\/conapi.at\\\/de\\\/blogs\\\/#breadcrumb\"},\"inLanguage\":\"de\",\"potentialAction\":[{\"@type\":\"ReadAction\",\"target\":[\"https:\\\/\\\/conapi.at\\\/de\\\/blogs\\\/\"]}]},{\"@type\":\"BreadcrumbList\",\"@id\":\"https:\\\/\\\/conapi.at\\\/de\\\/blogs\\\/#breadcrumb\",\"itemListElement\":[{\"@type\":\"ListItem\",\"position\":1,\"name\":\"Home\",\"item\":\"https:\\\/\\\/conapi.at\\\/de\\\/\"},{\"@type\":\"ListItem\",\"position\":2,\"name\":\"Blogs\"}]},{\"@type\":\"WebSite\",\"@id\":\"https:\\\/\\\/conapi.at\\\/de\\\/#website\",\"url\":\"https:\\\/\\\/conapi.at\\\/de\\\/\",\"name\":\"conapi GmbH\",\"description\":\"\",\"publisher\":{\"@id\":\"https:\\\/\\\/conapi.at\\\/de\\\/#organization\"},\"potentialAction\":[{\"@type\":\"SearchAction\",\"target\":{\"@type\":\"EntryPoint\",\"urlTemplate\":\"https:\\\/\\\/conapi.at\\\/de\\\/?s={search_term_string}\"},\"query-input\":{\"@type\":\"PropertyValueSpecification\",\"valueRequired\":true,\"valueName\":\"search_term_string\"}}],\"inLanguage\":\"de\"},{\"@type\":\"Organization\",\"@id\":\"https:\\\/\\\/conapi.at\\\/de\\\/#organization\",\"name\":\"conapi GmbH\",\"url\":\"https:\\\/\\\/conapi.at\\\/de\\\/\",\"logo\":{\"@type\":\"ImageObject\",\"inLanguage\":\"de\",\"@id\":\"https:\\\/\\\/conapi.at\\\/de\\\/#\\\/schema\\\/logo\\\/image\\\/\",\"url\":\"https:\\\/\\\/conapi.at\\\/wp-content\\\/uploads\\\/2024\\\/11\\\/500x500_dkpurple_lime.png\",\"contentUrl\":\"https:\\\/\\\/conapi.at\\\/wp-content\\\/uploads\\\/2024\\\/11\\\/500x500_dkpurple_lime.png\",\"width\":500,\"height\":500,\"caption\":\"conapi GmbH\"},\"image\":{\"@id\":\"https:\\\/\\\/conapi.at\\\/de\\\/#\\\/schema\\\/logo\\\/image\\\/\"},\"sameAs\":[\"https:\\\/\\\/www.linkedin.com\\\/company\\\/conapi-gmbh\"]}]}<\/script>\n<!-- \/ Yoast SEO plugin. -->","yoast_head_json":{"title":"Blogs - conapi GmbH","robots":{"index":"index","follow":"follow","max-snippet":"max-snippet:-1","max-image-preview":"max-image-preview:large","max-video-preview":"max-video-preview:-1"},"canonical":"https:\/\/conapi.at\/de\/blogs\/","og_locale":"de_DE","og_type":"article","og_title":"Blogs - conapi GmbH","og_url":"https:\/\/conapi.at\/de\/blogs\/","og_site_name":"conapi GmbH","article_modified_time":"2025-07-16T09:27:33+00:00","twitter_card":"summary_large_image","schema":{"@context":"https:\/\/schema.org","@graph":[{"@type":"WebPage","@id":"https:\/\/conapi.at\/de\/blogs\/","url":"https:\/\/conapi.at\/de\/blogs\/","name":"Blogs - conapi GmbH","isPartOf":{"@id":"https:\/\/conapi.at\/de\/#website"},"datePublished":"2025-03-25T13:34:48+00:00","dateModified":"2025-07-16T09:27:33+00:00","breadcrumb":{"@id":"https:\/\/conapi.at\/de\/blogs\/#breadcrumb"},"inLanguage":"de","potentialAction":[{"@type":"ReadAction","target":["https:\/\/conapi.at\/de\/blogs\/"]}]},{"@type":"BreadcrumbList","@id":"https:\/\/conapi.at\/de\/blogs\/#breadcrumb","itemListElement":[{"@type":"ListItem","position":1,"name":"Home","item":"https:\/\/conapi.at\/de\/"},{"@type":"ListItem","position":2,"name":"Blogs"}]},{"@type":"WebSite","@id":"https:\/\/conapi.at\/de\/#website","url":"https:\/\/conapi.at\/de\/","name":"conapi GmbH","description":"","publisher":{"@id":"https:\/\/conapi.at\/de\/#organization"},"potentialAction":[{"@type":"SearchAction","target":{"@type":"EntryPoint","urlTemplate":"https:\/\/conapi.at\/de\/?s={search_term_string}"},"query-input":{"@type":"PropertyValueSpecification","valueRequired":true,"valueName":"search_term_string"}}],"inLanguage":"de"},{"@type":"Organization","@id":"https:\/\/conapi.at\/de\/#organization","name":"conapi GmbH","url":"https:\/\/conapi.at\/de\/","logo":{"@type":"ImageObject","inLanguage":"de","@id":"https:\/\/conapi.at\/de\/#\/schema\/logo\/image\/","url":"https:\/\/conapi.at\/wp-content\/uploads\/2024\/11\/500x500_dkpurple_lime.png","contentUrl":"https:\/\/conapi.at\/wp-content\/uploads\/2024\/11\/500x500_dkpurple_lime.png","width":500,"height":500,"caption":"conapi GmbH"},"image":{"@id":"https:\/\/conapi.at\/de\/#\/schema\/logo\/image\/"},"sameAs":["https:\/\/www.linkedin.com\/company\/conapi-gmbh"]}]}},"yoast_meta":{"yoast_wpseo_title":"","yoast_wpseo_metadesc":"","yoast_wpseo_canonical":""},"_links":{"self":[{"href":"https:\/\/conapi.at\/de\/wp-json\/wp\/v2\/pages\/3754","targetHints":{"allow":["GET"]}}],"collection":[{"href":"https:\/\/conapi.at\/de\/wp-json\/wp\/v2\/pages"}],"about":[{"href":"https:\/\/conapi.at\/de\/wp-json\/wp\/v2\/types\/page"}],"author":[{"embeddable":true,"href":"https:\/\/conapi.at\/de\/wp-json\/wp\/v2\/users\/3"}],"replies":[{"embeddable":true,"href":"https:\/\/conapi.at\/de\/wp-json\/wp\/v2\/comments?post=3754"}],"version-history":[{"count":1,"href":"https:\/\/conapi.at\/de\/wp-json\/wp\/v2\/pages\/3754\/revisions"}],"predecessor-version":[{"id":3755,"href":"https:\/\/conapi.at\/de\/wp-json\/wp\/v2\/pages\/3754\/revisions\/3755"}],"wp:attachment":[{"href":"https:\/\/conapi.at\/de\/wp-json\/wp\/v2\/media?parent=3754"}],"curies":[{"name":"wp","href":"https:\/\/api.w.org\/{rel}","templated":true}]}}