{"id":3799,"date":"2024-05-20T09:51:38","date_gmt":"2024-05-20T07:51:38","guid":{"rendered":"https:\/\/conapi.at\/ki-gesteuerte-java-entwicklung\/"},"modified":"2025-07-16T13:14:47","modified_gmt":"2025-07-16T11:14:47","slug":"ki-gesteuerte-java-entwicklung","status":"publish","type":"page","link":"https:\/\/conapi.at\/de\/ki-gesteuerte-java-entwicklung\/","title":{"rendered":"KI-gesteuerte Java-Entwicklung"},"content":{"rendered":"\n<p><\/p>\n\n<blockquote class=\"wp-block-quote is-layout-flow wp-block-quote-is-layout-flow\">\n<p>Entfesseln Sie Ihr Fachwissen, verst\u00e4rkt durch KI, um die Produktivit\u00e4t der Java-Entwicklung zu steigern.<\/p>\n<cite>Ein f\u00fchrender AI LLM, 2024<\/cite><\/blockquote>\n\n<p><\/p>\n\n<p>Bei Conapi verfolgen wir w\u00e4hrend des gesamten Softwareentwicklungszyklus (SDLC) einen KI-first-Ansatz und nutzen modernste KI-Technologien, um jede Phase der Entwicklung zu optimieren.  <\/p>\n\n<p>Von der Legacy-Code-Modernisierung bis hin zur Code-Vervollst\u00e4ndigung und KI-gest\u00fctzter Codierung &#8211; unser Toolkit ist f\u00fcr Produktivit\u00e4t und Innovation optimiert.<\/p>\n\n<p>Da sich die Technologie rasant weiterentwickelt, \u00fcberpr\u00fcfen wir st\u00e4ndig unsere Tools und passen sie an, um sicherzustellen, dass wir das volle Potenzial der KI-Fortschritte f\u00fcr die Bereitstellung au\u00dfergew\u00f6hnlicher L\u00f6sungen aussch\u00f6pfen.<\/p>\n\n<h3 class=\"wp-block-heading\">Unsere Dienstleistungen:<\/h3>\n\n<p><\/p>\n\n<ul class=\"wp-block-list\">\n<li><strong>KI-unterst\u00fctzte Java-Fehlerbehebung:<\/strong> Einsatz von KI-gest\u00fctzten Diagnosetools und Algorithmen zur Identifizierung und Behebung von Problemen in Java-Anwendungen, um die Effizienz und Genauigkeit der Fehlersuche zu verbessern.<\/li>\n\n\n\n<li><strong>KI-gesteuerte kundenspezifische Entwicklung:<\/strong> Einbindung von KI-Technologien und -Methoden in kundenspezifische Java-Entwicklungsprozesse zur Optimierung von Leistung, Funktionalit\u00e4t und Benutzerfreundlichkeit.<\/li>\n\n\n\n<li><strong>Support und Wartung von Legacy-Anwendungen durch KI verbessert:<\/strong> Nutzung von KI-gesteuerten Analysen und Automatisierung, um Support- und Wartungsaufgaben f\u00fcr Legacy-Java-Anwendungen zu rationalisieren, die Zuverl\u00e4ssigkeit zu verbessern und Ausfallzeiten zu reduzieren.<\/li>\n<\/ul>\n\n<div class=\"wp-block-group alignwide mmgetstarted rounded-top\"><div class=\"wp-block-group__inner-container is-layout-constrained wp-block-group-is-layout-constrained\"><div class=\"wp-block-image\">\n<figure class=\"aligncenter size-large\"><img loading=\"lazy\" decoding=\"async\" width=\"1024\" height=\"478\" src=\"https:\/\/conapi.at\/wp-content\/uploads\/2024\/12\/linkedinbanner-1024x478.png\" alt=\"\" class=\"wp-image-1501\" srcset=\"https:\/\/conapi.at\/wp-content\/uploads\/2024\/12\/linkedinbanner-1024x478.png 1024w, https:\/\/conapi.at\/wp-content\/uploads\/2024\/12\/linkedinbanner-300x140.png 300w, https:\/\/conapi.at\/wp-content\/uploads\/2024\/12\/linkedinbanner-768x359.png 768w, https:\/\/conapi.at\/wp-content\/uploads\/2024\/12\/linkedinbanner.png 1280w\" sizes=\"auto, (max-width: 1024px) 100vw, 1024px\" \/><\/figure>\n<\/div>\n\n\n<h2 class=\"wp-block-heading has-text-align-center hestia-title\">Erfahren Sie mehr \u00fcber<br\/>unsere Dienstleistungen<\/h2>\n\n\n\n<div class=\"wp-block-buttons is-content-justification-center is-layout-flex wp-container-core-buttons-is-layout-a89b3969 wp-block-buttons-is-layout-flex\">\n<div class=\"wp-block-button contactus-btn\"><a class=\"wp-block-button__link wp-element-button\" href=\"https:\/\/conapi.at\/#contact\">Kontaktieren Sie uns<\/a><\/div>\n<\/div>\n<\/div><\/div>\n<\/div>\n","protected":false},"excerpt":{"rendered":"<p>Entfesseln Sie Ihr Fachwissen, verst\u00e4rkt durch KI, um die Produktivit\u00e4t der Java-Entwicklung zu steigern. Ein f\u00fchrender AI LLM, 2024 Bei Conapi verfolgen wir w\u00e4hrend des gesamten Softwareentwicklungszyklus (SDLC) einen KI-first-Ansatz und nutzen modernste KI-Technologien, um jede Phase der Entwicklung zu optimieren. Von der Legacy-Code-Modernisierung bis hin zur Code-Vervollst\u00e4ndigung und KI-gest\u00fctzter [&hellip;]<\/p>\n","protected":false},"author":1,"featured_media":0,"parent":0,"menu_order":0,"comment_status":"closed","ping_status":"closed","template":"","meta":{"_monsterinsights_skip_tracking":false,"_monsterinsights_sitenote_active":false,"_monsterinsights_sitenote_note":"","_monsterinsights_sitenote_category":0,"_themeisle_gutenberg_block_has_review":false,"footnotes":""},"class_list":["post-3799","page","type-page","status-publish","hentry"],"yoast_head":"<!-- This site is optimized with the Yoast SEO plugin v27.4 - https:\/\/yoast.com\/product\/yoast-seo-wordpress\/ -->\n<title>KI-gesteuerte Java-Entwicklung - conapi GmbH<\/title>\n<meta name=\"robots\" content=\"index, follow, max-snippet:-1, max-image-preview:large, max-video-preview:-1\" \/>\n<link rel=\"canonical\" href=\"https:\/\/conapi.at\/de\/ki-gesteuerte-java-entwicklung\/\" \/>\n<meta property=\"og:locale\" content=\"de_DE\" \/>\n<meta property=\"og:type\" content=\"article\" \/>\n<meta property=\"og:title\" content=\"KI-gesteuerte Java-Entwicklung - conapi GmbH\" \/>\n<meta property=\"og:description\" content=\"Entfesseln Sie Ihr Fachwissen, verst\u00e4rkt durch KI, um die Produktivit\u00e4t der Java-Entwicklung zu steigern. Ein f\u00fchrender AI LLM, 2024 Bei Conapi verfolgen wir w\u00e4hrend des gesamten Softwareentwicklungszyklus (SDLC) einen KI-first-Ansatz und nutzen modernste KI-Technologien, um jede Phase der Entwicklung zu optimieren. Von der Legacy-Code-Modernisierung bis hin zur Code-Vervollst\u00e4ndigung und KI-gest\u00fctzter [&hellip;]\" \/>\n<meta property=\"og:url\" content=\"https:\/\/conapi.at\/de\/ki-gesteuerte-java-entwicklung\/\" \/>\n<meta property=\"og:site_name\" content=\"conapi GmbH\" \/>\n<meta property=\"article:modified_time\" content=\"2025-07-16T11:14:47+00:00\" \/>\n<meta property=\"og:image\" content=\"https:\/\/conapi.at\/wp-content\/uploads\/2024\/12\/linkedinbanner.png\" \/>\n\t<meta property=\"og:image:width\" content=\"1280\" \/>\n\t<meta property=\"og:image:height\" content=\"598\" \/>\n\t<meta property=\"og:image:type\" content=\"image\/png\" \/>\n<meta name=\"twitter:card\" content=\"summary_large_image\" \/>\n<meta name=\"twitter:label1\" content=\"Gesch\u00e4tzte Lesezeit\" \/>\n\t<meta name=\"twitter:data1\" content=\"1\u00a0Minute\" \/>\n<script type=\"application\/ld+json\" class=\"yoast-schema-graph\">{\"@context\":\"https:\\\/\\\/schema.org\",\"@graph\":[{\"@type\":\"WebPage\",\"@id\":\"https:\\\/\\\/conapi.at\\\/de\\\/ki-gesteuerte-java-entwicklung\\\/\",\"url\":\"https:\\\/\\\/conapi.at\\\/de\\\/ki-gesteuerte-java-entwicklung\\\/\",\"name\":\"KI-gesteuerte Java-Entwicklung - conapi GmbH\",\"isPartOf\":{\"@id\":\"https:\\\/\\\/conapi.at\\\/de\\\/#website\"},\"primaryImageOfPage\":{\"@id\":\"https:\\\/\\\/conapi.at\\\/de\\\/ki-gesteuerte-java-entwicklung\\\/#primaryimage\"},\"image\":{\"@id\":\"https:\\\/\\\/conapi.at\\\/de\\\/ki-gesteuerte-java-entwicklung\\\/#primaryimage\"},\"thumbnailUrl\":\"https:\\\/\\\/conapi.at\\\/wp-content\\\/uploads\\\/2024\\\/12\\\/linkedinbanner-1024x478.png\",\"datePublished\":\"2024-05-20T07:51:38+00:00\",\"dateModified\":\"2025-07-16T11:14:47+00:00\",\"breadcrumb\":{\"@id\":\"https:\\\/\\\/conapi.at\\\/de\\\/ki-gesteuerte-java-entwicklung\\\/#breadcrumb\"},\"inLanguage\":\"de\",\"potentialAction\":[{\"@type\":\"ReadAction\",\"target\":[\"https:\\\/\\\/conapi.at\\\/de\\\/ki-gesteuerte-java-entwicklung\\\/\"]}]},{\"@type\":\"ImageObject\",\"inLanguage\":\"de\",\"@id\":\"https:\\\/\\\/conapi.at\\\/de\\\/ki-gesteuerte-java-entwicklung\\\/#primaryimage\",\"url\":\"https:\\\/\\\/conapi.at\\\/wp-content\\\/uploads\\\/2024\\\/12\\\/linkedinbanner-1024x478.png\",\"contentUrl\":\"https:\\\/\\\/conapi.at\\\/wp-content\\\/uploads\\\/2024\\\/12\\\/linkedinbanner-1024x478.png\"},{\"@type\":\"BreadcrumbList\",\"@id\":\"https:\\\/\\\/conapi.at\\\/de\\\/ki-gesteuerte-java-entwicklung\\\/#breadcrumb\",\"itemListElement\":[{\"@type\":\"ListItem\",\"position\":1,\"name\":\"Home\",\"item\":\"https:\\\/\\\/conapi.at\\\/de\\\/\"},{\"@type\":\"ListItem\",\"position\":2,\"name\":\"KI-gesteuerte Java-Entwicklung\"}]},{\"@type\":\"WebSite\",\"@id\":\"https:\\\/\\\/conapi.at\\\/de\\\/#website\",\"url\":\"https:\\\/\\\/conapi.at\\\/de\\\/\",\"name\":\"conapi GmbH\",\"description\":\"\",\"publisher\":{\"@id\":\"https:\\\/\\\/conapi.at\\\/de\\\/#organization\"},\"potentialAction\":[{\"@type\":\"SearchAction\",\"target\":{\"@type\":\"EntryPoint\",\"urlTemplate\":\"https:\\\/\\\/conapi.at\\\/de\\\/?s={search_term_string}\"},\"query-input\":{\"@type\":\"PropertyValueSpecification\",\"valueRequired\":true,\"valueName\":\"search_term_string\"}}],\"inLanguage\":\"de\"},{\"@type\":\"Organization\",\"@id\":\"https:\\\/\\\/conapi.at\\\/de\\\/#organization\",\"name\":\"conapi GmbH\",\"url\":\"https:\\\/\\\/conapi.at\\\/de\\\/\",\"logo\":{\"@type\":\"ImageObject\",\"inLanguage\":\"de\",\"@id\":\"https:\\\/\\\/conapi.at\\\/de\\\/#\\\/schema\\\/logo\\\/image\\\/\",\"url\":\"https:\\\/\\\/conapi.at\\\/wp-content\\\/uploads\\\/2024\\\/11\\\/500x500_dkpurple_lime.png\",\"contentUrl\":\"https:\\\/\\\/conapi.at\\\/wp-content\\\/uploads\\\/2024\\\/11\\\/500x500_dkpurple_lime.png\",\"width\":500,\"height\":500,\"caption\":\"conapi GmbH\"},\"image\":{\"@id\":\"https:\\\/\\\/conapi.at\\\/de\\\/#\\\/schema\\\/logo\\\/image\\\/\"},\"sameAs\":[\"https:\\\/\\\/www.linkedin.com\\\/company\\\/conapi-gmbh\"]}]}<\/script>\n<!-- \/ Yoast SEO plugin. -->","yoast_head_json":{"title":"KI-gesteuerte Java-Entwicklung - conapi GmbH","robots":{"index":"index","follow":"follow","max-snippet":"max-snippet:-1","max-image-preview":"max-image-preview:large","max-video-preview":"max-video-preview:-1"},"canonical":"https:\/\/conapi.at\/de\/ki-gesteuerte-java-entwicklung\/","og_locale":"de_DE","og_type":"article","og_title":"KI-gesteuerte Java-Entwicklung - conapi GmbH","og_description":"Entfesseln Sie Ihr Fachwissen, verst\u00e4rkt durch KI, um die Produktivit\u00e4t der Java-Entwicklung zu steigern. Ein f\u00fchrender AI LLM, 2024 Bei Conapi verfolgen wir w\u00e4hrend des gesamten Softwareentwicklungszyklus (SDLC) einen KI-first-Ansatz und nutzen modernste KI-Technologien, um jede Phase der Entwicklung zu optimieren. Von der Legacy-Code-Modernisierung bis hin zur Code-Vervollst\u00e4ndigung und KI-gest\u00fctzter [&hellip;]","og_url":"https:\/\/conapi.at\/de\/ki-gesteuerte-java-entwicklung\/","og_site_name":"conapi GmbH","article_modified_time":"2025-07-16T11:14:47+00:00","og_image":[{"width":1280,"height":598,"url":"https:\/\/conapi.at\/wp-content\/uploads\/2024\/12\/linkedinbanner.png","type":"image\/png"}],"twitter_card":"summary_large_image","twitter_misc":{"Gesch\u00e4tzte Lesezeit":"1\u00a0Minute"},"schema":{"@context":"https:\/\/schema.org","@graph":[{"@type":"WebPage","@id":"https:\/\/conapi.at\/de\/ki-gesteuerte-java-entwicklung\/","url":"https:\/\/conapi.at\/de\/ki-gesteuerte-java-entwicklung\/","name":"KI-gesteuerte Java-Entwicklung - conapi GmbH","isPartOf":{"@id":"https:\/\/conapi.at\/de\/#website"},"primaryImageOfPage":{"@id":"https:\/\/conapi.at\/de\/ki-gesteuerte-java-entwicklung\/#primaryimage"},"image":{"@id":"https:\/\/conapi.at\/de\/ki-gesteuerte-java-entwicklung\/#primaryimage"},"thumbnailUrl":"https:\/\/conapi.at\/wp-content\/uploads\/2024\/12\/linkedinbanner-1024x478.png","datePublished":"2024-05-20T07:51:38+00:00","dateModified":"2025-07-16T11:14:47+00:00","breadcrumb":{"@id":"https:\/\/conapi.at\/de\/ki-gesteuerte-java-entwicklung\/#breadcrumb"},"inLanguage":"de","potentialAction":[{"@type":"ReadAction","target":["https:\/\/conapi.at\/de\/ki-gesteuerte-java-entwicklung\/"]}]},{"@type":"ImageObject","inLanguage":"de","@id":"https:\/\/conapi.at\/de\/ki-gesteuerte-java-entwicklung\/#primaryimage","url":"https:\/\/conapi.at\/wp-content\/uploads\/2024\/12\/linkedinbanner-1024x478.png","contentUrl":"https:\/\/conapi.at\/wp-content\/uploads\/2024\/12\/linkedinbanner-1024x478.png"},{"@type":"BreadcrumbList","@id":"https:\/\/conapi.at\/de\/ki-gesteuerte-java-entwicklung\/#breadcrumb","itemListElement":[{"@type":"ListItem","position":1,"name":"Home","item":"https:\/\/conapi.at\/de\/"},{"@type":"ListItem","position":2,"name":"KI-gesteuerte Java-Entwicklung"}]},{"@type":"WebSite","@id":"https:\/\/conapi.at\/de\/#website","url":"https:\/\/conapi.at\/de\/","name":"conapi GmbH","description":"","publisher":{"@id":"https:\/\/conapi.at\/de\/#organization"},"potentialAction":[{"@type":"SearchAction","target":{"@type":"EntryPoint","urlTemplate":"https:\/\/conapi.at\/de\/?s={search_term_string}"},"query-input":{"@type":"PropertyValueSpecification","valueRequired":true,"valueName":"search_term_string"}}],"inLanguage":"de"},{"@type":"Organization","@id":"https:\/\/conapi.at\/de\/#organization","name":"conapi GmbH","url":"https:\/\/conapi.at\/de\/","logo":{"@type":"ImageObject","inLanguage":"de","@id":"https:\/\/conapi.at\/de\/#\/schema\/logo\/image\/","url":"https:\/\/conapi.at\/wp-content\/uploads\/2024\/11\/500x500_dkpurple_lime.png","contentUrl":"https:\/\/conapi.at\/wp-content\/uploads\/2024\/11\/500x500_dkpurple_lime.png","width":500,"height":500,"caption":"conapi GmbH"},"image":{"@id":"https:\/\/conapi.at\/de\/#\/schema\/logo\/image\/"},"sameAs":["https:\/\/www.linkedin.com\/company\/conapi-gmbh"]}]}},"yoast_meta":{"yoast_wpseo_title":"","yoast_wpseo_metadesc":"","yoast_wpseo_canonical":""},"_links":{"self":[{"href":"https:\/\/conapi.at\/de\/wp-json\/wp\/v2\/pages\/3799","targetHints":{"allow":["GET"]}}],"collection":[{"href":"https:\/\/conapi.at\/de\/wp-json\/wp\/v2\/pages"}],"about":[{"href":"https:\/\/conapi.at\/de\/wp-json\/wp\/v2\/types\/page"}],"author":[{"embeddable":true,"href":"https:\/\/conapi.at\/de\/wp-json\/wp\/v2\/users\/1"}],"replies":[{"embeddable":true,"href":"https:\/\/conapi.at\/de\/wp-json\/wp\/v2\/comments?post=3799"}],"version-history":[{"count":1,"href":"https:\/\/conapi.at\/de\/wp-json\/wp\/v2\/pages\/3799\/revisions"}],"predecessor-version":[{"id":3800,"href":"https:\/\/conapi.at\/de\/wp-json\/wp\/v2\/pages\/3799\/revisions\/3800"}],"wp:attachment":[{"href":"https:\/\/conapi.at\/de\/wp-json\/wp\/v2\/media?parent=3799"}],"curies":[{"name":"wp","href":"https:\/\/api.w.org\/{rel}","templated":true}]}}